{"id":2139,"date":"2022-12-19T12:18:38","date_gmt":"2022-12-19T09:18:38","guid":{"rendered":"https:\/\/aika-2022.sst.fi\/?page_id=2139"},"modified":"2023-03-01T10:12:14","modified_gmt":"2023-03-01T07:12:14","slug":"aika-palvelut","status":"publish","type":"page","link":"https:\/\/aikaecosystem.com\/fi\/aika-palvelut\/","title":{"rendered":"Palvelut ja osaaminen"},"content":{"rendered":"<p>Haluatko tiet\u00e4\u00e4, mit\u00e4 uusia liiketoimintamahdollisuuksia data tuo yrityksellesi? Kuinka saat eniten irti ker\u00e4\u00e4m\u00e4st\u00e4si datasta? Millaisia uusia liiketoimintaratkaisuja data mahdollistaa? Vaikka et olisi koskaan tehnyt yht\u00e4\u00e4n data-analyysi\u00e4 tai et tied\u00e4, mit\u00e4 teko\u00e4lyn tai koneoppimisen avulla voi tehd\u00e4 liiketoiminnassa, voimme auttaa sinua.<\/p>\n<p>AIKA-ekosysteemiss\u00e4 on kumppaneita, joilla on asiantuntemusta kattaa kaikki datapohjaisen arvoketjun vaiheet \u2013 mukaan lukien datan keruu, datan integrointi ja valmistelu, data-analyysi ja teko\u00e4ly, datan visualisointi ja tulosten hy\u00f6dynt\u00e4minen liiketoiminnassa. Tietotekniikan, tiedonhallinnan ja liiketoiminnan kehitt\u00e4misen asiantuntijamme varmistavat parhaat ratkaisut dataliiketoiminnan projekteihin. Tarjoamme yrityksille maksuttoman l\u00e4ht\u00f6tilanne- ja kypsyystasoarvioinnin datan k\u00e4yt\u00f6ss\u00e4.<\/p>\n<p>Tuemme yrityksi\u00e4 osaamisella, superlaskentaymp\u00e4rist\u00f6ll\u00e4, yhteisty\u00f6verkostoilla ja koulutusohjelmilla. Jos sinulla on idea olemassa olevan datan hy\u00f6dynt\u00e4misest\u00e4, haluat tehostaa liiketoimintaa datan avulla tai yrityksell\u00e4 on jokin uusi datapohjainen innovaatio, <a href=\"https:\/\/aikaecosystem.com\/fi\/liity-aktiiviseen-ja-elavaan-ekosysteemiin\/\">ota yhteytt\u00e4.<\/a><\/p>\n<p><strong>Tutustu tarjontaamme:<\/strong><\/p>\n<ul>\n<li><a href=\"https:\/\/aikaecosystem.com\/fi\/tukea-yrityksille-digitalisaatiohaasteisiin\">Digitalisaatiotuki yrityksille<\/a><\/li>\n<li><a href=\"https:\/\/aikaecosystem.com\/fi\/data-analytiikka-ja-tekoaly\">Data-analytiikka ja teko\u00e4ly<\/a><\/li>\n<li><a href=\"https:\/\/aikaecosystem.com\/fi\/superlaskenta\">Maailmanluokan supertietokonepalvelut yrityksille<\/a><\/li>\n<li><a href=\"https:\/\/aikaecosystem.com\/fi\/taydellinen-sijainti-datakeskuksille\">T\u00e4ydellinen sijainti ekotehokkaille datakeskuksille<\/a><\/li>\n<li><a href=\"https:\/\/aikaecosystem.com\/fi\/teknologia-ammattilaisten-kouluttaminen\">Teko\u00e4lyn, data-analytiikan ja datakeskusoperoinnin koulutus<\/a><\/li>\n<li><a href=\"https:\/\/aikaecosystem.com\/fi\/yhteistyo-ja-rahoitus\">Yhteisty\u00f6 korkeakoulujen kanssa ja tukea rahoitukseen<\/a><\/li>\n<\/ul>\n<h3>Liity aktiiviseen ekosysteemiin!<\/h3>\n<p>Etsimme jatkuvasti uusia yrityksi\u00e4 laajentamaan AIKA-ekosysteemin osaamista ja tarjontaa. J\u00e4senyys tarjoaa monia mahdollisuuksia, mm. voit tavoittaa potentiaalisia asiakkaita, jopa ulkomailta, yhteisty\u00f6verkostojemme kautta. Jos uskot, ett\u00e4 sinulla on annettavaa AIKA-ekosysteemille, \u00e4l\u00e4 ep\u00e4r\u00f6i <a href=\"https:\/\/aikaecosystem.com\/fi\/liity-aktiiviseen-ja-elavaan-ekosysteemiin\/\">ottaa meihin yhteytt\u00e4<\/a> ja liity ekosysteemiin. J\u00e4seneksi liittyminen on toistaiseksi maksutonta.<\/p>\n<p>Tavoitteenamme on tarjota yrityksille tukea liiketoiminnan digitalisointiin ja mahdollisuuden tutustua uusimpien innovatiivisten ratkaisujen kuten teko\u00e4lyn, superlaskennan ja data-analytiikan k\u00e4ytt\u00f6\u00f6n. <a href=\"https:\/\/aikaecosystem.com\/fi\/pilottihaku\/\">Jos kiinnostuit, lue lis\u00e4\u00e4 t\u00e4\u00e4lt\u00e4.<\/a><\/p>\n","protected":false},"excerpt":{"rendered":"<p>Haluatko tiet\u00e4\u00e4, mit\u00e4 uusia liiketoimintamahdollisuuksia data tuo yrityksellesi? Kuinka saat eniten irti ker\u00e4\u00e4m\u00e4st\u00e4si datasta? Millaisia uusia liiketoimintaratkaisuja data mahdollistaa? Vaikka et olisi koskaan tehnyt yht\u00e4\u00e4n data-analyysi\u00e4 tai et tied\u00e4, mit\u00e4 teko\u00e4lyn tai koneoppimisen avulla voi tehd\u00e4 liiketoiminnassa, voimme auttaa sinua. AIKA-ekosysteemiss\u00e4 on kumppaneita, joilla on asiantuntemusta kattaa kaikki datapohjaisen arvoketjun vaiheet \u2013 mukaan lukien datan [&hellip;]<\/p>\n","protected":false},"author":12,"featured_media":2093,"parent":0,"menu_order":6,"comment_status":"closed","ping_status":"closed","template":"","meta":{"inline_featured_image":false,"footnotes":""},"class_list":["post-2139","page","type-page","status-publish","has-post-thumbnail","hentry"],"acf":[],"yoast_head":"<!-- This site is optimized with the Yoast SEO plugin v27.3 - https:\/\/yoast.com\/product\/yoast-seo-wordpress\/ -->\n<title>Palvelut ja osaaminen - AIKA Ecosystem<\/title>\n<meta name=\"robots\" content=\"index, follow, max-snippet:-1, max-image-preview:large, max-video-preview:-1\" \/>\n<link rel=\"canonical\" href=\"https:\/\/aikaecosystem.com\/fi\/aika-palvelut\/\" \/>\n<meta property=\"og:locale\" content=\"fi_FI\" \/>\n<meta property=\"og:type\" content=\"article\" \/>\n<meta property=\"og:title\" content=\"Palvelut ja osaaminen - AIKA Ecosystem\" \/>\n<meta property=\"og:description\" content=\"Haluatko tiet\u00e4\u00e4, mit\u00e4 uusia liiketoimintamahdollisuuksia data tuo yrityksellesi? Kuinka saat eniten irti ker\u00e4\u00e4m\u00e4st\u00e4si datasta? Millaisia uusia liiketoimintaratkaisuja data mahdollistaa? Vaikka et olisi koskaan tehnyt yht\u00e4\u00e4n data-analyysi\u00e4 tai et tied\u00e4, mit\u00e4 teko\u00e4lyn tai koneoppimisen avulla voi tehd\u00e4 liiketoiminnassa, voimme auttaa sinua. AIKA-ekosysteemiss\u00e4 on kumppaneita, joilla on asiantuntemusta kattaa kaikki datapohjaisen arvoketjun vaiheet \u2013 mukaan lukien datan [&hellip;]\" \/>\n<meta property=\"og:url\" content=\"https:\/\/aikaecosystem.com\/fi\/aika-palvelut\/\" \/>\n<meta property=\"og:site_name\" content=\"AIKA Ecosystem\" \/>\n<meta property=\"article:modified_time\" content=\"2023-03-01T07:12:14+00:00\" \/>\n<meta property=\"og:image\" content=\"https:\/\/aikaecosystem.com\/wp-content\/uploads\/2023\/01\/1256x345px_OFFER.jpg\" \/>\n\t<meta property=\"og:image:width\" content=\"1256\" \/>\n\t<meta property=\"og:image:height\" content=\"345\" \/>\n\t<meta property=\"og:image:type\" content=\"image\/jpeg\" \/>\n<meta name=\"twitter:card\" content=\"summary_large_image\" \/>\n<meta name=\"twitter:label1\" content=\"Arvioitu lukuaika\" \/>\n\t<meta name=\"twitter:data1\" content=\"1 minuutti\" \/>\n<script type=\"application\/ld+json\" class=\"yoast-schema-graph\">{\"@context\":\"https:\\\/\\\/schema.org\",\"@graph\":[{\"@type\":\"WebPage\",\"@id\":\"https:\\\/\\\/aikaecosystem.com\\\/fi\\\/aika-palvelut\\\/\",\"url\":\"https:\\\/\\\/aikaecosystem.com\\\/fi\\\/aika-palvelut\\\/\",\"name\":\"Palvelut ja osaaminen - AIKA Ecosystem\",\"isPartOf\":{\"@id\":\"https:\\\/\\\/aikaecosystem.com\\\/#website\"},\"primaryImageOfPage\":{\"@id\":\"https:\\\/\\\/aikaecosystem.com\\\/fi\\\/aika-palvelut\\\/#primaryimage\"},\"image\":{\"@id\":\"https:\\\/\\\/aikaecosystem.com\\\/fi\\\/aika-palvelut\\\/#primaryimage\"},\"thumbnailUrl\":\"https:\\\/\\\/aikaecosystem.com\\\/wp-content\\\/uploads\\\/2023\\\/01\\\/1256x345px_OFFER.jpg\",\"datePublished\":\"2022-12-19T09:18:38+00:00\",\"dateModified\":\"2023-03-01T07:12:14+00:00\",\"breadcrumb\":{\"@id\":\"https:\\\/\\\/aikaecosystem.com\\\/fi\\\/aika-palvelut\\\/#breadcrumb\"},\"inLanguage\":\"fi\",\"potentialAction\":[{\"@type\":\"ReadAction\",\"target\":[\"https:\\\/\\\/aikaecosystem.com\\\/fi\\\/aika-palvelut\\\/\"]}]},{\"@type\":\"ImageObject\",\"inLanguage\":\"fi\",\"@id\":\"https:\\\/\\\/aikaecosystem.com\\\/fi\\\/aika-palvelut\\\/#primaryimage\",\"url\":\"https:\\\/\\\/aikaecosystem.com\\\/wp-content\\\/uploads\\\/2023\\\/01\\\/1256x345px_OFFER.jpg\",\"contentUrl\":\"https:\\\/\\\/aikaecosystem.com\\\/wp-content\\\/uploads\\\/2023\\\/01\\\/1256x345px_OFFER.jpg\",\"width\":1256,\"height\":345},{\"@type\":\"BreadcrumbList\",\"@id\":\"https:\\\/\\\/aikaecosystem.com\\\/fi\\\/aika-palvelut\\\/#breadcrumb\",\"itemListElement\":[{\"@type\":\"ListItem\",\"position\":1,\"name\":\"Events\",\"item\":\"https:\\\/\\\/aikaecosystem-com.hel10.wp-cloud.dev\\\/fi\\\/\"},{\"@type\":\"ListItem\",\"position\":2,\"name\":\"Palvelut ja osaaminen\"}]},{\"@type\":\"WebSite\",\"@id\":\"https:\\\/\\\/aikaecosystem.com\\\/#website\",\"url\":\"https:\\\/\\\/aikaecosystem.com\\\/\",\"name\":\"AIKA Ecosystem\",\"description\":\"AI &amp; Data Intelligence Ecosystem\",\"potentialAction\":[{\"@type\":\"SearchAction\",\"target\":{\"@type\":\"EntryPoint\",\"urlTemplate\":\"https:\\\/\\\/aikaecosystem.com\\\/?s={search_term_string}\"},\"query-input\":{\"@type\":\"PropertyValueSpecification\",\"valueRequired\":true,\"valueName\":\"search_term_string\"}}],\"inLanguage\":\"fi\"}]}<\/script>\n<!-- \/ Yoast SEO plugin. -->","yoast_head_json":{"title":"Palvelut ja osaaminen - AIKA Ecosystem","robots":{"index":"index","follow":"follow","max-snippet":"max-snippet:-1","max-image-preview":"max-image-preview:large","max-video-preview":"max-video-preview:-1"},"canonical":"https:\/\/aikaecosystem.com\/fi\/aika-palvelut\/","og_locale":"fi_FI","og_type":"article","og_title":"Palvelut ja osaaminen - AIKA Ecosystem","og_description":"Haluatko tiet\u00e4\u00e4, mit\u00e4 uusia liiketoimintamahdollisuuksia data tuo yrityksellesi? Kuinka saat eniten irti ker\u00e4\u00e4m\u00e4st\u00e4si datasta? Millaisia uusia liiketoimintaratkaisuja data mahdollistaa? Vaikka et olisi koskaan tehnyt yht\u00e4\u00e4n data-analyysi\u00e4 tai et tied\u00e4, mit\u00e4 teko\u00e4lyn tai koneoppimisen avulla voi tehd\u00e4 liiketoiminnassa, voimme auttaa sinua. AIKA-ekosysteemiss\u00e4 on kumppaneita, joilla on asiantuntemusta kattaa kaikki datapohjaisen arvoketjun vaiheet \u2013 mukaan lukien datan [&hellip;]","og_url":"https:\/\/aikaecosystem.com\/fi\/aika-palvelut\/","og_site_name":"AIKA Ecosystem","article_modified_time":"2023-03-01T07:12:14+00:00","og_image":[{"width":1256,"height":345,"url":"https:\/\/aikaecosystem.com\/wp-content\/uploads\/2023\/01\/1256x345px_OFFER.jpg","type":"image\/jpeg"}],"twitter_card":"summary_large_image","twitter_misc":{"Arvioitu lukuaika":"1 minuutti"},"schema":{"@context":"https:\/\/schema.org","@graph":[{"@type":"WebPage","@id":"https:\/\/aikaecosystem.com\/fi\/aika-palvelut\/","url":"https:\/\/aikaecosystem.com\/fi\/aika-palvelut\/","name":"Palvelut ja osaaminen - AIKA Ecosystem","isPartOf":{"@id":"https:\/\/aikaecosystem.com\/#website"},"primaryImageOfPage":{"@id":"https:\/\/aikaecosystem.com\/fi\/aika-palvelut\/#primaryimage"},"image":{"@id":"https:\/\/aikaecosystem.com\/fi\/aika-palvelut\/#primaryimage"},"thumbnailUrl":"https:\/\/aikaecosystem.com\/wp-content\/uploads\/2023\/01\/1256x345px_OFFER.jpg","datePublished":"2022-12-19T09:18:38+00:00","dateModified":"2023-03-01T07:12:14+00:00","breadcrumb":{"@id":"https:\/\/aikaecosystem.com\/fi\/aika-palvelut\/#breadcrumb"},"inLanguage":"fi","potentialAction":[{"@type":"ReadAction","target":["https:\/\/aikaecosystem.com\/fi\/aika-palvelut\/"]}]},{"@type":"ImageObject","inLanguage":"fi","@id":"https:\/\/aikaecosystem.com\/fi\/aika-palvelut\/#primaryimage","url":"https:\/\/aikaecosystem.com\/wp-content\/uploads\/2023\/01\/1256x345px_OFFER.jpg","contentUrl":"https:\/\/aikaecosystem.com\/wp-content\/uploads\/2023\/01\/1256x345px_OFFER.jpg","width":1256,"height":345},{"@type":"BreadcrumbList","@id":"https:\/\/aikaecosystem.com\/fi\/aika-palvelut\/#breadcrumb","itemListElement":[{"@type":"ListItem","position":1,"name":"Events","item":"https:\/\/aikaecosystem-com.hel10.wp-cloud.dev\/fi\/"},{"@type":"ListItem","position":2,"name":"Palvelut ja osaaminen"}]},{"@type":"WebSite","@id":"https:\/\/aikaecosystem.com\/#website","url":"https:\/\/aikaecosystem.com\/","name":"AIKA Ecosystem","description":"AI &amp; Data Intelligence Ecosystem","potentialAction":[{"@type":"SearchAction","target":{"@type":"EntryPoint","urlTemplate":"https:\/\/aikaecosystem.com\/?s={search_term_string}"},"query-input":{"@type":"PropertyValueSpecification","valueRequired":true,"valueName":"search_term_string"}}],"inLanguage":"fi"}]}},"_links":{"self":[{"href":"https:\/\/aikaecosystem.com\/fi\/wp-json\/wp\/v2\/pages\/2139","targetHints":{"allow":["GET"]}}],"collection":[{"href":"https:\/\/aikaecosystem.com\/fi\/wp-json\/wp\/v2\/pages"}],"about":[{"href":"https:\/\/aikaecosystem.com\/fi\/wp-json\/wp\/v2\/types\/page"}],"author":[{"embeddable":true,"href":"https:\/\/aikaecosystem.com\/fi\/wp-json\/wp\/v2\/users\/12"}],"replies":[{"embeddable":true,"href":"https:\/\/aikaecosystem.com\/fi\/wp-json\/wp\/v2\/comments?post=2139"}],"version-history":[{"count":13,"href":"https:\/\/aikaecosystem.com\/fi\/wp-json\/wp\/v2\/pages\/2139\/revisions"}],"predecessor-version":[{"id":2384,"href":"https:\/\/aikaecosystem.com\/fi\/wp-json\/wp\/v2\/pages\/2139\/revisions\/2384"}],"wp:featuredmedia":[{"embeddable":true,"href":"https:\/\/aikaecosystem.com\/fi\/wp-json\/wp\/v2\/media\/2093"}],"wp:attachment":[{"href":"https:\/\/aikaecosystem.com\/fi\/wp-json\/wp\/v2\/media?parent=2139"}],"curies":[{"name":"wp","href":"https:\/\/api.w.org\/{rel}","templated":true}]}}