{"id":2136,"date":"2021-04-23T09:32:02","date_gmt":"2021-04-23T06:32:02","guid":{"rendered":"https:\/\/aika-2022.sst.fi\/?page_id=2136"},"modified":"2024-11-25T16:24:21","modified_gmt":"2024-11-25T13:24:21","slug":"mika-on-aika","status":"publish","type":"page","link":"https:\/\/aikaecosystem.com\/fi\/mika-on-aika\/","title":{"rendered":"Mik\u00e4 on AIKA?"},"content":{"rendered":"<p>AIKA DIH \u2013 Digital Innovation Hub on ekosysteemi, joka tarjoaa yrityksille tukea liiketoiminnan digitalisaatioon ja uusien innovatiivisten ratkaisujen kehitt\u00e4miseen. AIKA-ekosysteemin kumppaneiden kautta yritykset voivat hy\u00f6dynt\u00e4\u00e4 uusimpia digitaalisia teknologioita, kuten teko\u00e4ly\u00e4 (AI), superlaskentaa ja data-analytiikkaa liiketoiminnassaan ja tuotekehityksess\u00e4.<\/p>\n<p>Tavoitteena on rakentaa Pohjois- ja It\u00e4-Suomeen kansainv\u00e4lisesti merkitt\u00e4v\u00e4 digitaalisen teknologian osaamiskeskus, joka tarjoaa yrityksille vahvat edellytykset tehostaa tuotekehityst\u00e4, parantaa liiketoimintaa ja kasvaa kest\u00e4v\u00e4sti. Kehit\u00e4mme yhteisty\u00f6ss\u00e4 alueellista infrastruktuuria ja osaamista houkuttelemaan sek\u00e4 uusia yrityksi\u00e4 ett\u00e4 digitaalisia investointeja. Kyky ja tahto tehd\u00e4 asioita yhdess\u00e4 rakentaa vahvan yhteisty\u00f6verkoston, jotta voimme oppia, investoida, rakentaa, l\u00f6yt\u00e4\u00e4 ratkaisuja ja menesty\u00e4. My\u00f6s tulevaisuudessa.<\/p>\n<h3>AIKAn perustajaj\u00e4senet<\/h3>\n<p><strong>Kajaanin ammattikorkeakoulu (KAMK)<\/strong> on aktiivinen ja kansainv\u00e4linen ammattikorkeakoulu Keski-Suomessa, jonka visiona on olla pieni mutta iso. KAMKissa on noin 3 300 opiskelijaa ja 300 ty\u00f6ntekij\u00e4\u00e4 ja se tarjoaa useita kandidaatin ja maisterin tutkintoja. KAMK on aktiivisesti mukana kehitt\u00e4m\u00e4ss\u00e4 Kainuun, Koillismaan ja Pohjois-Pohjanmaan alueilla toimivia yrityksi\u00e4 ja yhteis\u00f6j\u00e4. (KAMK Introduction \u2013 Kajaanin ammattikorkeakoulu)<\/p>\n<p>KAMKin tutkimus-, kehitys- ja innovaatiotoiminnan tarkoituksena on kehitt\u00e4\u00e4 asiakkaiden tuotteita, palveluja ja prosesseja sek\u00e4 tehd\u00e4 tarvel\u00e4ht\u00f6ist\u00e4 soveltavaa tutkimusta. KAMK on opetus- ja kulttuuriministeri\u00f6n mukaan tuloksiltaan yksi Suomen menestyneimmist\u00e4 ammattikorkeakouluista.<\/p>\n<p>KAMK tarjoaa AIKAlle laajan valikoiman teknologia- ja teko\u00e4lyliiketoiminnan kehitt\u00e4mispalveluita, ja pyrimme jatkuvasti kehitt\u00e4m\u00e4\u00e4n yhteisty\u00f6t\u00e4 yritysten kanssa. KAMK opastaa l\u00f6yt\u00e4m\u00e4\u00e4n oikean palvelun ja koulutuksen AIKA-verkostosta. KAMKin asiantuntijat keskustelevat mielell\u00e4\u00e4n tarpeistasi.<\/p>\n<p><a href=\"https:\/\/www.kamk.fi\/fi\" target=\"_blank\" rel=\"noopener\">Lue lis\u00e4\u00e4 KAMKista.<\/a><\/p>\n<p><strong>CEMIS \u2013 Mittaus- ja tietoj\u00e4rjestelm\u00e4keskus<\/strong> on Oulun ja Jyv\u00e4skyl\u00e4n yliopistojen, KAMKin, VTT:n ja CSC:n sopimuspohjainen tutkimus- ja koulutuskeskus. Painopisteen\u00e4 on kehitt\u00e4\u00e4 mittaus- ja IT-ratkaisuja cleantech-sektorille sek\u00e4 urheiluun, hyvinvointiin ja terveydenhuoltoon sek\u00e4 tukea innovaatioihin ja osaamiseen perustuvan uuden kansainv\u00e4lisen liiketoiminnan kehitt\u00e4mist\u00e4 yhteisty\u00f6kumppaniemme kanssa.<\/p>\n<p><a href=\"https:\/\/www.cemis.fi\/fi\/\" target=\"_blank\" rel=\"noopener\">Lue lis\u00e4\u00e4 CEMISist\u00e4.<\/a><\/p>\n<p><strong>CSC \u2013 Tieteen tietotekniikan keskus Oy<\/strong> on suomalainen, valtion ja korkeakoulujen omistama tietotekniikan osaamiskeskus. CSC on voittoa tavoittelematon erityisteht\u00e4v\u00e4yhti\u00f6. Osana kansallista tutkimusj\u00e4rjestelm\u00e4\u00e4 CSC kehitt\u00e4\u00e4, integroi ja tarjoaa korkealaatuisia ICT-palveluita tutkimukselle, koulutukselle, kulttuurille, julkishallinnolle ja yrityksille.<\/p>\n<p>CSC:ll\u00e4 on vuosikymmenten kokemus supertietokoneista, data-analytiikasta ja teko\u00e4lyst\u00e4. CSC on toteuttanut sek\u00e4 suuria kansallisia hankkeita julkisten organisaatioiden kanssa ett\u00e4 pilotti- ja tutkimusprojekteja pk-yrityksille. CSC voi tukea yrityksi\u00e4 teko\u00e4lyn, koneoppimisen, big datan, arkaluontoisen datan ja datan visualisoinnin menetelmiss\u00e4, ty\u00f6kaluissa ja ymp\u00e4rist\u00f6iss\u00e4.<\/p>\n<p>EuroHPC LUMI on yksi maailman tehokkaimmista supertietokoneista. LUMI tarjoaa eurooppalaiselle tutkimukselle ja yrityksille ainulaatuisen, maailmanluokan suurteholaskenta- ja teko\u00e4lyalustan. Jopa 20 % LUMIn Suomen kapasiteetista on varattu yritysten k\u00e4ytt\u00f6\u00f6n. LUMI sijaitsee Kajaanissa ja on CSC:n operoima.<\/p>\n<p><a href=\"https:\/\/csc.fi\/tietoa-meista\/asiakkaat\/suurteholaskentaa-yrityksille\/\" target=\"_blank\" rel=\"noopener\">Lis\u00e4tietoja LUMIn yritysk\u00e4yt\u00f6st\u00e4.<\/a><\/p>\n<p><a href=\"https:\/\/csc.fi\/osaamisemme\/suurteholaskenta\/lumi-supertietokone\/\" target=\"_blank\" rel=\"noopener\">Lis\u00e4tietoja LUMI-supertietokoneesta.<\/a><\/p>\n<p><a href=\"https:\/\/www.csc.fi\/\" target=\"_blank\" rel=\"noopener\">Lis\u00e4tietoja CSC:st\u00e4.<\/a><\/p>\n<h3>Tukij\u00e4senet<\/h3>\n<p>AIKA-ekosysteemi\u00e4 tukee Kajaanin kaupunki ja osittain rahoittaa Kainuun liitto Euroopan aluekehitysrahaston (A80941) tuella.<\/p>\n","protected":false},"excerpt":{"rendered":"<p>AIKA DIH \u2013 Digital Innovation Hub on ekosysteemi, joka tarjoaa yrityksille tukea liiketoiminnan digitalisaatioon ja uusien innovatiivisten ratkaisujen kehitt\u00e4miseen. AIKA-ekosysteemin kumppaneiden kautta yritykset voivat hy\u00f6dynt\u00e4\u00e4 uusimpia digitaalisia teknologioita, kuten teko\u00e4ly\u00e4 (AI), superlaskentaa ja data-analytiikkaa liiketoiminnassaan ja tuotekehityksess\u00e4. Tavoitteena on rakentaa Pohjois- ja It\u00e4-Suomeen kansainv\u00e4lisesti merkitt\u00e4v\u00e4 digitaalisen teknologian osaamiskeskus, joka tarjoaa yrityksille vahvat edellytykset tehostaa tuotekehityst\u00e4, [&hellip;]<\/p>\n","protected":false},"author":12,"featured_media":2091,"parent":0,"menu_order":21,"comment_status":"closed","ping_status":"closed","template":"","meta":{"inline_featured_image":false,"footnotes":""},"class_list":["post-2136","page","type-page","status-publish","has-post-thumbnail","hentry"],"acf":[],"yoast_head":"<!-- This site is optimized with the Yoast SEO plugin v27.5 - https:\/\/yoast.com\/product\/yoast-seo-wordpress\/ -->\n<title>Mik\u00e4 on AIKA? - AIKA Ecosystem<\/title>\n<meta name=\"robots\" content=\"index, follow, max-snippet:-1, max-image-preview:large, max-video-preview:-1\" \/>\n<link rel=\"canonical\" href=\"https:\/\/aikaecosystem.com\/fi\/mika-on-aika\/\" \/>\n<meta property=\"og:locale\" content=\"fi_FI\" \/>\n<meta property=\"og:type\" content=\"article\" \/>\n<meta property=\"og:title\" content=\"Mik\u00e4 on AIKA? - AIKA Ecosystem\" \/>\n<meta property=\"og:description\" content=\"AIKA DIH \u2013 Digital Innovation Hub on ekosysteemi, joka tarjoaa yrityksille tukea liiketoiminnan digitalisaatioon ja uusien innovatiivisten ratkaisujen kehitt\u00e4miseen. AIKA-ekosysteemin kumppaneiden kautta yritykset voivat hy\u00f6dynt\u00e4\u00e4 uusimpia digitaalisia teknologioita, kuten teko\u00e4ly\u00e4 (AI), superlaskentaa ja data-analytiikkaa liiketoiminnassaan ja tuotekehityksess\u00e4. Tavoitteena on rakentaa Pohjois- ja It\u00e4-Suomeen kansainv\u00e4lisesti merkitt\u00e4v\u00e4 digitaalisen teknologian osaamiskeskus, joka tarjoaa yrityksille vahvat edellytykset tehostaa tuotekehityst\u00e4, [&hellip;]\" \/>\n<meta property=\"og:url\" content=\"https:\/\/aikaecosystem.com\/fi\/mika-on-aika\/\" \/>\n<meta property=\"og:site_name\" content=\"AIKA Ecosystem\" \/>\n<meta property=\"article:modified_time\" content=\"2024-11-25T13:24:21+00:00\" \/>\n<meta property=\"og:image\" content=\"https:\/\/aikaecosystem.com\/wp-content\/uploads\/2023\/01\/1256x345px_ABOUT.jpg\" \/>\n\t<meta property=\"og:image:width\" content=\"1256\" \/>\n\t<meta property=\"og:image:height\" content=\"345\" \/>\n\t<meta property=\"og:image:type\" content=\"image\/jpeg\" \/>\n<meta name=\"twitter:card\" content=\"summary_large_image\" \/>\n<meta name=\"twitter:label1\" content=\"Arvioitu lukuaika\" \/>\n\t<meta name=\"twitter:data1\" content=\"2 minuuttia\" \/>\n<script type=\"application\/ld+json\" class=\"yoast-schema-graph\">{\"@context\":\"https:\\\/\\\/schema.org\",\"@graph\":[{\"@type\":\"WebPage\",\"@id\":\"https:\\\/\\\/aikaecosystem.com\\\/fi\\\/mika-on-aika\\\/\",\"url\":\"https:\\\/\\\/aikaecosystem.com\\\/fi\\\/mika-on-aika\\\/\",\"name\":\"Mik\u00e4 on AIKA? - AIKA Ecosystem\",\"isPartOf\":{\"@id\":\"https:\\\/\\\/aikaecosystem.com\\\/#website\"},\"primaryImageOfPage\":{\"@id\":\"https:\\\/\\\/aikaecosystem.com\\\/fi\\\/mika-on-aika\\\/#primaryimage\"},\"image\":{\"@id\":\"https:\\\/\\\/aikaecosystem.com\\\/fi\\\/mika-on-aika\\\/#primaryimage\"},\"thumbnailUrl\":\"https:\\\/\\\/aikaecosystem.com\\\/wp-content\\\/uploads\\\/2023\\\/01\\\/1256x345px_ABOUT.jpg\",\"datePublished\":\"2021-04-23T06:32:02+00:00\",\"dateModified\":\"2024-11-25T13:24:21+00:00\",\"breadcrumb\":{\"@id\":\"https:\\\/\\\/aikaecosystem.com\\\/fi\\\/mika-on-aika\\\/#breadcrumb\"},\"inLanguage\":\"fi\",\"potentialAction\":[{\"@type\":\"ReadAction\",\"target\":[\"https:\\\/\\\/aikaecosystem.com\\\/fi\\\/mika-on-aika\\\/\"]}]},{\"@type\":\"ImageObject\",\"inLanguage\":\"fi\",\"@id\":\"https:\\\/\\\/aikaecosystem.com\\\/fi\\\/mika-on-aika\\\/#primaryimage\",\"url\":\"https:\\\/\\\/aikaecosystem.com\\\/wp-content\\\/uploads\\\/2023\\\/01\\\/1256x345px_ABOUT.jpg\",\"contentUrl\":\"https:\\\/\\\/aikaecosystem.com\\\/wp-content\\\/uploads\\\/2023\\\/01\\\/1256x345px_ABOUT.jpg\",\"width\":1256,\"height\":345},{\"@type\":\"BreadcrumbList\",\"@id\":\"https:\\\/\\\/aikaecosystem.com\\\/fi\\\/mika-on-aika\\\/#breadcrumb\",\"itemListElement\":[{\"@type\":\"ListItem\",\"position\":1,\"name\":\"Events\",\"item\":\"https:\\\/\\\/aikaecosystem-com.hel10.wp-cloud.dev\\\/fi\\\/\"},{\"@type\":\"ListItem\",\"position\":2,\"name\":\"Mik\u00e4 on AIKA?\"}]},{\"@type\":\"WebSite\",\"@id\":\"https:\\\/\\\/aikaecosystem.com\\\/#website\",\"url\":\"https:\\\/\\\/aikaecosystem.com\\\/\",\"name\":\"AIKA Ecosystem\",\"description\":\"AI &amp; Data Intelligence Ecosystem\",\"potentialAction\":[{\"@type\":\"SearchAction\",\"target\":{\"@type\":\"EntryPoint\",\"urlTemplate\":\"https:\\\/\\\/aikaecosystem.com\\\/?s={search_term_string}\"},\"query-input\":{\"@type\":\"PropertyValueSpecification\",\"valueRequired\":true,\"valueName\":\"search_term_string\"}}],\"inLanguage\":\"fi\"}]}<\/script>\n<!-- \/ Yoast SEO plugin. -->","yoast_head_json":{"title":"Mik\u00e4 on AIKA? - AIKA Ecosystem","robots":{"index":"index","follow":"follow","max-snippet":"max-snippet:-1","max-image-preview":"max-image-preview:large","max-video-preview":"max-video-preview:-1"},"canonical":"https:\/\/aikaecosystem.com\/fi\/mika-on-aika\/","og_locale":"fi_FI","og_type":"article","og_title":"Mik\u00e4 on AIKA? - AIKA Ecosystem","og_description":"AIKA DIH \u2013 Digital Innovation Hub on ekosysteemi, joka tarjoaa yrityksille tukea liiketoiminnan digitalisaatioon ja uusien innovatiivisten ratkaisujen kehitt\u00e4miseen. AIKA-ekosysteemin kumppaneiden kautta yritykset voivat hy\u00f6dynt\u00e4\u00e4 uusimpia digitaalisia teknologioita, kuten teko\u00e4ly\u00e4 (AI), superlaskentaa ja data-analytiikkaa liiketoiminnassaan ja tuotekehityksess\u00e4. Tavoitteena on rakentaa Pohjois- ja It\u00e4-Suomeen kansainv\u00e4lisesti merkitt\u00e4v\u00e4 digitaalisen teknologian osaamiskeskus, joka tarjoaa yrityksille vahvat edellytykset tehostaa tuotekehityst\u00e4, [&hellip;]","og_url":"https:\/\/aikaecosystem.com\/fi\/mika-on-aika\/","og_site_name":"AIKA Ecosystem","article_modified_time":"2024-11-25T13:24:21+00:00","og_image":[{"width":1256,"height":345,"url":"https:\/\/aikaecosystem.com\/wp-content\/uploads\/2023\/01\/1256x345px_ABOUT.jpg","type":"image\/jpeg"}],"twitter_card":"summary_large_image","twitter_misc":{"Arvioitu lukuaika":"2 minuuttia"},"schema":{"@context":"https:\/\/schema.org","@graph":[{"@type":"WebPage","@id":"https:\/\/aikaecosystem.com\/fi\/mika-on-aika\/","url":"https:\/\/aikaecosystem.com\/fi\/mika-on-aika\/","name":"Mik\u00e4 on AIKA? - AIKA Ecosystem","isPartOf":{"@id":"https:\/\/aikaecosystem.com\/#website"},"primaryImageOfPage":{"@id":"https:\/\/aikaecosystem.com\/fi\/mika-on-aika\/#primaryimage"},"image":{"@id":"https:\/\/aikaecosystem.com\/fi\/mika-on-aika\/#primaryimage"},"thumbnailUrl":"https:\/\/aikaecosystem.com\/wp-content\/uploads\/2023\/01\/1256x345px_ABOUT.jpg","datePublished":"2021-04-23T06:32:02+00:00","dateModified":"2024-11-25T13:24:21+00:00","breadcrumb":{"@id":"https:\/\/aikaecosystem.com\/fi\/mika-on-aika\/#breadcrumb"},"inLanguage":"fi","potentialAction":[{"@type":"ReadAction","target":["https:\/\/aikaecosystem.com\/fi\/mika-on-aika\/"]}]},{"@type":"ImageObject","inLanguage":"fi","@id":"https:\/\/aikaecosystem.com\/fi\/mika-on-aika\/#primaryimage","url":"https:\/\/aikaecosystem.com\/wp-content\/uploads\/2023\/01\/1256x345px_ABOUT.jpg","contentUrl":"https:\/\/aikaecosystem.com\/wp-content\/uploads\/2023\/01\/1256x345px_ABOUT.jpg","width":1256,"height":345},{"@type":"BreadcrumbList","@id":"https:\/\/aikaecosystem.com\/fi\/mika-on-aika\/#breadcrumb","itemListElement":[{"@type":"ListItem","position":1,"name":"Events","item":"https:\/\/aikaecosystem-com.hel10.wp-cloud.dev\/fi\/"},{"@type":"ListItem","position":2,"name":"Mik\u00e4 on AIKA?"}]},{"@type":"WebSite","@id":"https:\/\/aikaecosystem.com\/#website","url":"https:\/\/aikaecosystem.com\/","name":"AIKA Ecosystem","description":"AI &amp; Data Intelligence Ecosystem","potentialAction":[{"@type":"SearchAction","target":{"@type":"EntryPoint","urlTemplate":"https:\/\/aikaecosystem.com\/?s={search_term_string}"},"query-input":{"@type":"PropertyValueSpecification","valueRequired":true,"valueName":"search_term_string"}}],"inLanguage":"fi"}]}},"_links":{"self":[{"href":"https:\/\/aikaecosystem.com\/fi\/wp-json\/wp\/v2\/pages\/2136","targetHints":{"allow":["GET"]}}],"collection":[{"href":"https:\/\/aikaecosystem.com\/fi\/wp-json\/wp\/v2\/pages"}],"about":[{"href":"https:\/\/aikaecosystem.com\/fi\/wp-json\/wp\/v2\/types\/page"}],"author":[{"embeddable":true,"href":"https:\/\/aikaecosystem.com\/fi\/wp-json\/wp\/v2\/users\/12"}],"replies":[{"embeddable":true,"href":"https:\/\/aikaecosystem.com\/fi\/wp-json\/wp\/v2\/comments?post=2136"}],"version-history":[{"count":11,"href":"https:\/\/aikaecosystem.com\/fi\/wp-json\/wp\/v2\/pages\/2136\/revisions"}],"predecessor-version":[{"id":2813,"href":"https:\/\/aikaecosystem.com\/fi\/wp-json\/wp\/v2\/pages\/2136\/revisions\/2813"}],"wp:featuredmedia":[{"embeddable":true,"href":"https:\/\/aikaecosystem.com\/fi\/wp-json\/wp\/v2\/media\/2091"}],"wp:attachment":[{"href":"https:\/\/aikaecosystem.com\/fi\/wp-json\/wp\/v2\/media?parent=2136"}],"curies":[{"name":"wp","href":"https:\/\/api.w.org\/{rel}","templated":true}]}}