{"id":2122,"date":"2021-05-06T15:03:39","date_gmt":"2021-05-06T12:03:39","guid":{"rendered":"https:\/\/aika-2022.sst.fi\/?page_id=2122"},"modified":"2023-01-25T17:51:02","modified_gmt":"2023-01-25T14:51:02","slug":"data-analytiikka-ja-tekoaly","status":"publish","type":"page","link":"https:\/\/aikaecosystem.com\/fi\/data-analytiikka-ja-tekoaly\/","title":{"rendered":"Data-analytiikka ja teko\u00e4ly"},"content":{"rendered":"<p>Haluatko tiet\u00e4\u00e4, mit\u00e4 uusia liiketoimintamahdollisuuksia data avaa yrityksellesi? Kuinka saat parhaan hy\u00f6dyn datastasi k\u00e4ytt\u00e4m\u00e4ll\u00e4 Data Intelligence -menetelmi\u00e4? Millaisia uusia liiketoimintaratkaisuja t\u00e4m\u00e4 mahdollistaa? Jos et ole koskaan tehnyt data-analyyseja tai et tied\u00e4, mit\u00e4 koneoppiminen mahdollistaa, meill\u00e4 on asiantuntemusta ja ratkaisuja.<\/p>\n<p>AIKA-ekosysteemi tarjoaa huippuasiantuntijoita tietotekniikkaan, datanhallintaan ja liiketoiminnan kehitt\u00e4miseen. Tarjoamme my\u00f6s maailmanluokan supertietokonekapasiteettia vaativaan superlaskentaan (HPC) ja teko\u00e4lyratkaisuihin (AI).<\/p>\n<p>Tarjoamme tukea asiantuntemuksella, maailmanluokan laskentaymp\u00e4rist\u00f6ll\u00e4mme, verkostoillamme ja koulutusohjelmillamme. Jos sinulla on idea olemassa olevan datan hy\u00f6dynt\u00e4misest\u00e4, haaste liiketoimintasi tehostamiseksi datalla tai uusi dataan pohjautuva innovaatio, <a href=\"https:\/\/aikaecosystem.com\/fi\/liity-aktiiviseen-ja-elavaan-ekosysteemiin\/\">ota meihin yhteytt\u00e4<\/a>.<\/p>\n<p>Meill\u00e4 on ekosysteemikumppaneita, joilla on asiantuntemusta kattaa kaikki datapohjaisen arvonluonnin vaiheet \u2013 mukaan lukien datan keruu ja integrointi, valmistelu ja puhdistus, data-analyysi ja teko\u00e4ly, datan visualisointi ja tulosten liiketoimintal\u00e4ht\u00f6inen tulkinta.<\/p>\n<p>Kiinnostaako kuulla lis\u00e4\u00e4? <a href=\"https:\/\/aikaecosystem.com\/fi\/liity-aktiiviseen-ja-elavaan-ekosysteemiin\/\">Ota meihin yhteytt\u00e4 t\u00e4st\u00e4.\u00a0<\/a><\/p>\n","protected":false},"excerpt":{"rendered":"<p>Haluatko tiet\u00e4\u00e4, mit\u00e4 uusia liiketoimintamahdollisuuksia data avaa yrityksellesi? Kuinka saat parhaan hy\u00f6dyn datastasi k\u00e4ytt\u00e4m\u00e4ll\u00e4 Data Intelligence -menetelmi\u00e4? Millaisia uusia liiketoimintaratkaisuja t\u00e4m\u00e4 mahdollistaa? Jos et ole koskaan tehnyt data-analyyseja tai et tied\u00e4, mit\u00e4 koneoppiminen mahdollistaa, meill\u00e4 on asiantuntemusta ja ratkaisuja. AIKA-ekosysteemi tarjoaa huippuasiantuntijoita tietotekniikkaan, datanhallintaan ja liiketoiminnan kehitt\u00e4miseen. Tarjoamme my\u00f6s maailmanluokan supertietokonekapasiteettia vaativaan superlaskentaan (HPC) ja [&hellip;]<\/p>\n","protected":false},"author":12,"featured_media":2064,"parent":0,"menu_order":16,"comment_status":"closed","ping_status":"closed","template":"","meta":{"inline_featured_image":false,"footnotes":""},"class_list":["post-2122","page","type-page","status-publish","has-post-thumbnail","hentry"],"acf":[],"yoast_head":"<!-- This site is optimized with the Yoast SEO plugin v27.4 - https:\/\/yoast.com\/product\/yoast-seo-wordpress\/ -->\n<title>Data-analytiikka ja teko\u00e4ly - AIKA Ecosystem<\/title>\n<meta name=\"robots\" content=\"index, follow, max-snippet:-1, max-image-preview:large, max-video-preview:-1\" \/>\n<link rel=\"canonical\" href=\"https:\/\/aikaecosystem-com.hel10.wp-cloud.dev\/fi\/data-analytiikka-ja-tekoaly\/\" \/>\n<meta property=\"og:locale\" content=\"fi_FI\" \/>\n<meta property=\"og:type\" content=\"article\" \/>\n<meta property=\"og:title\" content=\"Data-analytiikka ja teko\u00e4ly - AIKA Ecosystem\" \/>\n<meta property=\"og:description\" content=\"Haluatko tiet\u00e4\u00e4, mit\u00e4 uusia liiketoimintamahdollisuuksia data avaa yrityksellesi? Kuinka saat parhaan hy\u00f6dyn datastasi k\u00e4ytt\u00e4m\u00e4ll\u00e4 Data Intelligence -menetelmi\u00e4? Millaisia uusia liiketoimintaratkaisuja t\u00e4m\u00e4 mahdollistaa? Jos et ole koskaan tehnyt data-analyyseja tai et tied\u00e4, mit\u00e4 koneoppiminen mahdollistaa, meill\u00e4 on asiantuntemusta ja ratkaisuja. AIKA-ekosysteemi tarjoaa huippuasiantuntijoita tietotekniikkaan, datanhallintaan ja liiketoiminnan kehitt\u00e4miseen. Tarjoamme my\u00f6s maailmanluokan supertietokonekapasiteettia vaativaan superlaskentaan (HPC) ja [&hellip;]\" \/>\n<meta property=\"og:url\" content=\"https:\/\/aikaecosystem-com.hel10.wp-cloud.dev\/fi\/data-analytiikka-ja-tekoaly\/\" \/>\n<meta property=\"og:site_name\" content=\"AIKA Ecosystem\" \/>\n<meta property=\"article:modified_time\" content=\"2023-01-25T14:51:02+00:00\" \/>\n<meta property=\"og:image\" content=\"https:\/\/aikaecosystem-com.hel10.wp-cloud.dev\/wp-content\/uploads\/2023\/01\/1256X345_0000_DATAAI.jpg\" \/>\n\t<meta property=\"og:image:width\" content=\"1256\" \/>\n\t<meta property=\"og:image:height\" content=\"345\" \/>\n\t<meta property=\"og:image:type\" content=\"image\/jpeg\" \/>\n<meta name=\"twitter:card\" content=\"summary_large_image\" \/>\n<meta name=\"twitter:label1\" content=\"Arvioitu lukuaika\" \/>\n\t<meta name=\"twitter:data1\" content=\"1 minuutti\" \/>\n<script type=\"application\/ld+json\" class=\"yoast-schema-graph\">{\"@context\":\"https:\\\/\\\/schema.org\",\"@graph\":[{\"@type\":\"WebPage\",\"@id\":\"https:\\\/\\\/aikaecosystem-com.hel10.wp-cloud.dev\\\/fi\\\/data-analytiikka-ja-tekoaly\\\/\",\"url\":\"https:\\\/\\\/aikaecosystem-com.hel10.wp-cloud.dev\\\/fi\\\/data-analytiikka-ja-tekoaly\\\/\",\"name\":\"Data-analytiikka ja teko\u00e4ly - AIKA Ecosystem\",\"isPartOf\":{\"@id\":\"https:\\\/\\\/aikaecosystem.com\\\/#website\"},\"primaryImageOfPage\":{\"@id\":\"https:\\\/\\\/aikaecosystem-com.hel10.wp-cloud.dev\\\/fi\\\/data-analytiikka-ja-tekoaly\\\/#primaryimage\"},\"image\":{\"@id\":\"https:\\\/\\\/aikaecosystem-com.hel10.wp-cloud.dev\\\/fi\\\/data-analytiikka-ja-tekoaly\\\/#primaryimage\"},\"thumbnailUrl\":\"https:\\\/\\\/aikaecosystem.com\\\/wp-content\\\/uploads\\\/2023\\\/01\\\/1256X345_0000_DATAAI.jpg\",\"datePublished\":\"2021-05-06T12:03:39+00:00\",\"dateModified\":\"2023-01-25T14:51:02+00:00\",\"breadcrumb\":{\"@id\":\"https:\\\/\\\/aikaecosystem-com.hel10.wp-cloud.dev\\\/fi\\\/data-analytiikka-ja-tekoaly\\\/#breadcrumb\"},\"inLanguage\":\"fi\",\"potentialAction\":[{\"@type\":\"ReadAction\",\"target\":[\"https:\\\/\\\/aikaecosystem-com.hel10.wp-cloud.dev\\\/fi\\\/data-analytiikka-ja-tekoaly\\\/\"]}]},{\"@type\":\"ImageObject\",\"inLanguage\":\"fi\",\"@id\":\"https:\\\/\\\/aikaecosystem-com.hel10.wp-cloud.dev\\\/fi\\\/data-analytiikka-ja-tekoaly\\\/#primaryimage\",\"url\":\"https:\\\/\\\/aikaecosystem.com\\\/wp-content\\\/uploads\\\/2023\\\/01\\\/1256X345_0000_DATAAI.jpg\",\"contentUrl\":\"https:\\\/\\\/aikaecosystem.com\\\/wp-content\\\/uploads\\\/2023\\\/01\\\/1256X345_0000_DATAAI.jpg\",\"width\":1256,\"height\":345},{\"@type\":\"BreadcrumbList\",\"@id\":\"https:\\\/\\\/aikaecosystem-com.hel10.wp-cloud.dev\\\/fi\\\/data-analytiikka-ja-tekoaly\\\/#breadcrumb\",\"itemListElement\":[{\"@type\":\"ListItem\",\"position\":1,\"name\":\"Events\",\"item\":\"https:\\\/\\\/aikaecosystem-com.hel10.wp-cloud.dev\\\/fi\\\/\"},{\"@type\":\"ListItem\",\"position\":2,\"name\":\"Data-analytiikka ja teko\u00e4ly\"}]},{\"@type\":\"WebSite\",\"@id\":\"https:\\\/\\\/aikaecosystem.com\\\/#website\",\"url\":\"https:\\\/\\\/aikaecosystem.com\\\/\",\"name\":\"AIKA Ecosystem\",\"description\":\"AI &amp; Data Intelligence Ecosystem\",\"potentialAction\":[{\"@type\":\"SearchAction\",\"target\":{\"@type\":\"EntryPoint\",\"urlTemplate\":\"https:\\\/\\\/aikaecosystem.com\\\/?s={search_term_string}\"},\"query-input\":{\"@type\":\"PropertyValueSpecification\",\"valueRequired\":true,\"valueName\":\"search_term_string\"}}],\"inLanguage\":\"fi\"}]}<\/script>\n<!-- \/ Yoast SEO plugin. -->","yoast_head_json":{"title":"Data-analytiikka ja teko\u00e4ly - AIKA Ecosystem","robots":{"index":"index","follow":"follow","max-snippet":"max-snippet:-1","max-image-preview":"max-image-preview:large","max-video-preview":"max-video-preview:-1"},"canonical":"https:\/\/aikaecosystem-com.hel10.wp-cloud.dev\/fi\/data-analytiikka-ja-tekoaly\/","og_locale":"fi_FI","og_type":"article","og_title":"Data-analytiikka ja teko\u00e4ly - AIKA Ecosystem","og_description":"Haluatko tiet\u00e4\u00e4, mit\u00e4 uusia liiketoimintamahdollisuuksia data avaa yrityksellesi? Kuinka saat parhaan hy\u00f6dyn datastasi k\u00e4ytt\u00e4m\u00e4ll\u00e4 Data Intelligence -menetelmi\u00e4? Millaisia uusia liiketoimintaratkaisuja t\u00e4m\u00e4 mahdollistaa? Jos et ole koskaan tehnyt data-analyyseja tai et tied\u00e4, mit\u00e4 koneoppiminen mahdollistaa, meill\u00e4 on asiantuntemusta ja ratkaisuja. AIKA-ekosysteemi tarjoaa huippuasiantuntijoita tietotekniikkaan, datanhallintaan ja liiketoiminnan kehitt\u00e4miseen. Tarjoamme my\u00f6s maailmanluokan supertietokonekapasiteettia vaativaan superlaskentaan (HPC) ja [&hellip;]","og_url":"https:\/\/aikaecosystem-com.hel10.wp-cloud.dev\/fi\/data-analytiikka-ja-tekoaly\/","og_site_name":"AIKA Ecosystem","article_modified_time":"2023-01-25T14:51:02+00:00","og_image":[{"width":1256,"height":345,"url":"https:\/\/aikaecosystem-com.hel10.wp-cloud.dev\/wp-content\/uploads\/2023\/01\/1256X345_0000_DATAAI.jpg","type":"image\/jpeg"}],"twitter_card":"summary_large_image","twitter_misc":{"Arvioitu lukuaika":"1 minuutti"},"schema":{"@context":"https:\/\/schema.org","@graph":[{"@type":"WebPage","@id":"https:\/\/aikaecosystem-com.hel10.wp-cloud.dev\/fi\/data-analytiikka-ja-tekoaly\/","url":"https:\/\/aikaecosystem-com.hel10.wp-cloud.dev\/fi\/data-analytiikka-ja-tekoaly\/","name":"Data-analytiikka ja teko\u00e4ly - AIKA Ecosystem","isPartOf":{"@id":"https:\/\/aikaecosystem.com\/#website"},"primaryImageOfPage":{"@id":"https:\/\/aikaecosystem-com.hel10.wp-cloud.dev\/fi\/data-analytiikka-ja-tekoaly\/#primaryimage"},"image":{"@id":"https:\/\/aikaecosystem-com.hel10.wp-cloud.dev\/fi\/data-analytiikka-ja-tekoaly\/#primaryimage"},"thumbnailUrl":"https:\/\/aikaecosystem.com\/wp-content\/uploads\/2023\/01\/1256X345_0000_DATAAI.jpg","datePublished":"2021-05-06T12:03:39+00:00","dateModified":"2023-01-25T14:51:02+00:00","breadcrumb":{"@id":"https:\/\/aikaecosystem-com.hel10.wp-cloud.dev\/fi\/data-analytiikka-ja-tekoaly\/#breadcrumb"},"inLanguage":"fi","potentialAction":[{"@type":"ReadAction","target":["https:\/\/aikaecosystem-com.hel10.wp-cloud.dev\/fi\/data-analytiikka-ja-tekoaly\/"]}]},{"@type":"ImageObject","inLanguage":"fi","@id":"https:\/\/aikaecosystem-com.hel10.wp-cloud.dev\/fi\/data-analytiikka-ja-tekoaly\/#primaryimage","url":"https:\/\/aikaecosystem.com\/wp-content\/uploads\/2023\/01\/1256X345_0000_DATAAI.jpg","contentUrl":"https:\/\/aikaecosystem.com\/wp-content\/uploads\/2023\/01\/1256X345_0000_DATAAI.jpg","width":1256,"height":345},{"@type":"BreadcrumbList","@id":"https:\/\/aikaecosystem-com.hel10.wp-cloud.dev\/fi\/data-analytiikka-ja-tekoaly\/#breadcrumb","itemListElement":[{"@type":"ListItem","position":1,"name":"Events","item":"https:\/\/aikaecosystem-com.hel10.wp-cloud.dev\/fi\/"},{"@type":"ListItem","position":2,"name":"Data-analytiikka ja teko\u00e4ly"}]},{"@type":"WebSite","@id":"https:\/\/aikaecosystem.com\/#website","url":"https:\/\/aikaecosystem.com\/","name":"AIKA Ecosystem","description":"AI &amp; Data Intelligence Ecosystem","potentialAction":[{"@type":"SearchAction","target":{"@type":"EntryPoint","urlTemplate":"https:\/\/aikaecosystem.com\/?s={search_term_string}"},"query-input":{"@type":"PropertyValueSpecification","valueRequired":true,"valueName":"search_term_string"}}],"inLanguage":"fi"}]}},"_links":{"self":[{"href":"https:\/\/aikaecosystem.com\/fi\/wp-json\/wp\/v2\/pages\/2122","targetHints":{"allow":["GET"]}}],"collection":[{"href":"https:\/\/aikaecosystem.com\/fi\/wp-json\/wp\/v2\/pages"}],"about":[{"href":"https:\/\/aikaecosystem.com\/fi\/wp-json\/wp\/v2\/types\/page"}],"author":[{"embeddable":true,"href":"https:\/\/aikaecosystem.com\/fi\/wp-json\/wp\/v2\/users\/12"}],"replies":[{"embeddable":true,"href":"https:\/\/aikaecosystem.com\/fi\/wp-json\/wp\/v2\/comments?post=2122"}],"version-history":[{"count":4,"href":"https:\/\/aikaecosystem.com\/fi\/wp-json\/wp\/v2\/pages\/2122\/revisions"}],"predecessor-version":[{"id":2301,"href":"https:\/\/aikaecosystem.com\/fi\/wp-json\/wp\/v2\/pages\/2122\/revisions\/2301"}],"wp:featuredmedia":[{"embeddable":true,"href":"https:\/\/aikaecosystem.com\/fi\/wp-json\/wp\/v2\/media\/2064"}],"wp:attachment":[{"href":"https:\/\/aikaecosystem.com\/fi\/wp-json\/wp\/v2\/media?parent=2122"}],"curies":[{"name":"wp","href":"https:\/\/api.w.org\/{rel}","templated":true}]}}