{"id":2120,"date":"2021-05-10T11:21:51","date_gmt":"2021-05-10T08:21:51","guid":{"rendered":"https:\/\/aika-2022.sst.fi\/?page_id=2120"},"modified":"2024-11-25T17:03:10","modified_gmt":"2024-11-25T14:03:10","slug":"yhteistyo-ja-rahoitus","status":"publish","type":"page","link":"https:\/\/aikaecosystem.com\/fi\/yhteistyo-ja-rahoitus\/","title":{"rendered":"Yhteisty\u00f6 ja rahoitus"},"content":{"rendered":"<p>Suomessa EuroHPC-hanke avaa uusia mahdollisuuksia yritysten ja akateemisen tutkimuksen tutkimusyhteisty\u00f6h\u00f6n ja tuo uutta osaamista Kainuuseen. Yhteisty\u00f6 on elint\u00e4rke\u00e4\u00e4 akateemisen tutkimuksen asiantuntemuksen siirt\u00e4miseksi yritysmaailman innovaatioiden vauhdittamiseen ja sit\u00e4 kautta Suomen talouskasvuun. Yhteisty\u00f6n kautta yritykset voivat hy\u00f6dynt\u00e4\u00e4 mm. LUMIn superlaskentaresursseja ja KAMKin asiantuntemusta.<\/p>\n<p>AIKA-ekosysteemin avulla ja DIH Europe -verkoston tuella voit k\u00e4ynnist\u00e4\u00e4 teknologisia pilottiprojekteja. <a href=\"https:\/\/aikaecosystem.com\/fi\/liity-aktiiviseen-ja-elavaan-ekosysteemiin\/\">Kysy meilt\u00e4 lis\u00e4\u00e4.<\/a><\/p>\n<p>&nbsp;<\/p>\n<p>AIKA-perustajaj\u00e4senill\u00e4 on kokemusta kehitysrahoituksen hakemisesta alueellisesti, kansallisesti ja kansainv\u00e4lisesti. Autamme mielell\u00e4mme organisaatiotasi hanke-ehdotusten suunnittelussa ja kirjoittamisessa. <a href=\"https:\/\/aikaecosystem.com\/fi\/liity-aktiiviseen-ja-elavaan-ekosysteemiin\/\">Tartu tilaisuuteen ja ota yhteytt\u00e4 meihin!<\/a><\/p>\n<ul>\n<li>Kainuun alueen kehitysresurssit ovat t\u00e4ll\u00e4 hetkell\u00e4 erinomaiset yrityksille hakea tukea teknologia- ja yrityskehityshankkeisiin.<\/li>\n<li>Yritykset voivat liitty\u00e4 AIKA-ekosysteemin kautta Kajaanin seudun innovaatioekosysteemi-sopimukseen (INNOKAINUU).<\/li>\n<li>Yritykset voivat hakea rahoitusta my\u00f6s paikallisilta rahoittajilta (Kainuun ELY-keskus ja Kainuun liitto).<\/li>\n<li>Yritykset saa <a href=\"https:\/\/www.businessfinland.fi\/suomalaisille-asiakkaille\/etusivu\" target=\"_blank\" rel=\"noopener\">Business Finlandilta<\/a> taloudellista tukea valtakunnallisiin tutkimus- ja kehityshankkeisiin.<\/li>\n<\/ul>\n","protected":false},"excerpt":{"rendered":"<p>Suomessa EuroHPC-hanke avaa uusia mahdollisuuksia yritysten ja akateemisen tutkimuksen tutkimusyhteisty\u00f6h\u00f6n ja tuo uutta osaamista Kainuuseen. Yhteisty\u00f6 on elint\u00e4rke\u00e4\u00e4 akateemisen tutkimuksen asiantuntemuksen siirt\u00e4miseksi yritysmaailman innovaatioiden vauhdittamiseen ja sit\u00e4 kautta Suomen talouskasvuun. Yhteisty\u00f6n kautta yritykset voivat hy\u00f6dynt\u00e4\u00e4 mm. LUMIn superlaskentaresursseja ja KAMKin asiantuntemusta. AIKA-ekosysteemin avulla ja DIH Europe -verkoston tuella voit k\u00e4ynnist\u00e4\u00e4 teknologisia pilottiprojekteja. Kysy meilt\u00e4 lis\u00e4\u00e4. [&hellip;]<\/p>\n","protected":false},"author":12,"featured_media":2066,"parent":0,"menu_order":14,"comment_status":"closed","ping_status":"closed","template":"page-let-collaborate.php","meta":{"inline_featured_image":false,"footnotes":""},"class_list":["post-2120","page","type-page","status-publish","has-post-thumbnail","hentry"],"acf":[],"yoast_head":"<!-- This site is optimized with the Yoast SEO plugin v27.4 - https:\/\/yoast.com\/product\/yoast-seo-wordpress\/ -->\n<title>Yhteisty\u00f6 ja rahoitus - AIKA Ecosystem<\/title>\n<meta name=\"robots\" content=\"index, follow, max-snippet:-1, max-image-preview:large, max-video-preview:-1\" \/>\n<link rel=\"canonical\" href=\"https:\/\/aikaecosystem.com\/fi\/yhteistyo-ja-rahoitus\/\" \/>\n<meta property=\"og:locale\" content=\"fi_FI\" \/>\n<meta property=\"og:type\" content=\"article\" \/>\n<meta property=\"og:title\" content=\"Yhteisty\u00f6 ja rahoitus - AIKA Ecosystem\" \/>\n<meta property=\"og:description\" content=\"Suomessa EuroHPC-hanke avaa uusia mahdollisuuksia yritysten ja akateemisen tutkimuksen tutkimusyhteisty\u00f6h\u00f6n ja tuo uutta osaamista Kainuuseen. Yhteisty\u00f6 on elint\u00e4rke\u00e4\u00e4 akateemisen tutkimuksen asiantuntemuksen siirt\u00e4miseksi yritysmaailman innovaatioiden vauhdittamiseen ja sit\u00e4 kautta Suomen talouskasvuun. Yhteisty\u00f6n kautta yritykset voivat hy\u00f6dynt\u00e4\u00e4 mm. LUMIn superlaskentaresursseja ja KAMKin asiantuntemusta. AIKA-ekosysteemin avulla ja DIH Europe -verkoston tuella voit k\u00e4ynnist\u00e4\u00e4 teknologisia pilottiprojekteja. Kysy meilt\u00e4 lis\u00e4\u00e4. [&hellip;]\" \/>\n<meta property=\"og:url\" content=\"https:\/\/aikaecosystem.com\/fi\/yhteistyo-ja-rahoitus\/\" \/>\n<meta property=\"og:site_name\" content=\"AIKA Ecosystem\" \/>\n<meta property=\"article:modified_time\" content=\"2024-11-25T14:03:10+00:00\" \/>\n<meta property=\"og:image\" content=\"https:\/\/aikaecosystem.com\/wp-content\/uploads\/2023\/01\/1256X345_0001_PARTFUN.jpg\" \/>\n\t<meta property=\"og:image:width\" content=\"1256\" \/>\n\t<meta property=\"og:image:height\" content=\"345\" \/>\n\t<meta property=\"og:image:type\" content=\"image\/jpeg\" \/>\n<meta name=\"twitter:card\" content=\"summary_large_image\" \/>\n<meta name=\"twitter:label1\" content=\"Arvioitu lukuaika\" \/>\n\t<meta name=\"twitter:data1\" content=\"1 minuutti\" \/>\n<script type=\"application\/ld+json\" class=\"yoast-schema-graph\">{\"@context\":\"https:\\\/\\\/schema.org\",\"@graph\":[{\"@type\":\"WebPage\",\"@id\":\"https:\\\/\\\/aikaecosystem.com\\\/fi\\\/yhteistyo-ja-rahoitus\\\/\",\"url\":\"https:\\\/\\\/aikaecosystem.com\\\/fi\\\/yhteistyo-ja-rahoitus\\\/\",\"name\":\"Yhteisty\u00f6 ja rahoitus - AIKA Ecosystem\",\"isPartOf\":{\"@id\":\"https:\\\/\\\/aikaecosystem.com\\\/#website\"},\"primaryImageOfPage\":{\"@id\":\"https:\\\/\\\/aikaecosystem.com\\\/fi\\\/yhteistyo-ja-rahoitus\\\/#primaryimage\"},\"image\":{\"@id\":\"https:\\\/\\\/aikaecosystem.com\\\/fi\\\/yhteistyo-ja-rahoitus\\\/#primaryimage\"},\"thumbnailUrl\":\"https:\\\/\\\/aikaecosystem.com\\\/wp-content\\\/uploads\\\/2023\\\/01\\\/1256X345_0001_PARTFUN.jpg\",\"datePublished\":\"2021-05-10T08:21:51+00:00\",\"dateModified\":\"2024-11-25T14:03:10+00:00\",\"breadcrumb\":{\"@id\":\"https:\\\/\\\/aikaecosystem.com\\\/fi\\\/yhteistyo-ja-rahoitus\\\/#breadcrumb\"},\"inLanguage\":\"fi\",\"potentialAction\":[{\"@type\":\"ReadAction\",\"target\":[\"https:\\\/\\\/aikaecosystem.com\\\/fi\\\/yhteistyo-ja-rahoitus\\\/\"]}]},{\"@type\":\"ImageObject\",\"inLanguage\":\"fi\",\"@id\":\"https:\\\/\\\/aikaecosystem.com\\\/fi\\\/yhteistyo-ja-rahoitus\\\/#primaryimage\",\"url\":\"https:\\\/\\\/aikaecosystem.com\\\/wp-content\\\/uploads\\\/2023\\\/01\\\/1256X345_0001_PARTFUN.jpg\",\"contentUrl\":\"https:\\\/\\\/aikaecosystem.com\\\/wp-content\\\/uploads\\\/2023\\\/01\\\/1256X345_0001_PARTFUN.jpg\",\"width\":1256,\"height\":345},{\"@type\":\"BreadcrumbList\",\"@id\":\"https:\\\/\\\/aikaecosystem.com\\\/fi\\\/yhteistyo-ja-rahoitus\\\/#breadcrumb\",\"itemListElement\":[{\"@type\":\"ListItem\",\"position\":1,\"name\":\"Events\",\"item\":\"https:\\\/\\\/aikaecosystem-com.hel10.wp-cloud.dev\\\/fi\\\/\"},{\"@type\":\"ListItem\",\"position\":2,\"name\":\"Yhteisty\u00f6 ja rahoitus\"}]},{\"@type\":\"WebSite\",\"@id\":\"https:\\\/\\\/aikaecosystem.com\\\/#website\",\"url\":\"https:\\\/\\\/aikaecosystem.com\\\/\",\"name\":\"AIKA Ecosystem\",\"description\":\"AI &amp; Data Intelligence Ecosystem\",\"potentialAction\":[{\"@type\":\"SearchAction\",\"target\":{\"@type\":\"EntryPoint\",\"urlTemplate\":\"https:\\\/\\\/aikaecosystem.com\\\/?s={search_term_string}\"},\"query-input\":{\"@type\":\"PropertyValueSpecification\",\"valueRequired\":true,\"valueName\":\"search_term_string\"}}],\"inLanguage\":\"fi\"}]}<\/script>\n<!-- \/ Yoast SEO plugin. -->","yoast_head_json":{"title":"Yhteisty\u00f6 ja rahoitus - AIKA Ecosystem","robots":{"index":"index","follow":"follow","max-snippet":"max-snippet:-1","max-image-preview":"max-image-preview:large","max-video-preview":"max-video-preview:-1"},"canonical":"https:\/\/aikaecosystem.com\/fi\/yhteistyo-ja-rahoitus\/","og_locale":"fi_FI","og_type":"article","og_title":"Yhteisty\u00f6 ja rahoitus - AIKA Ecosystem","og_description":"Suomessa EuroHPC-hanke avaa uusia mahdollisuuksia yritysten ja akateemisen tutkimuksen tutkimusyhteisty\u00f6h\u00f6n ja tuo uutta osaamista Kainuuseen. Yhteisty\u00f6 on elint\u00e4rke\u00e4\u00e4 akateemisen tutkimuksen asiantuntemuksen siirt\u00e4miseksi yritysmaailman innovaatioiden vauhdittamiseen ja sit\u00e4 kautta Suomen talouskasvuun. Yhteisty\u00f6n kautta yritykset voivat hy\u00f6dynt\u00e4\u00e4 mm. LUMIn superlaskentaresursseja ja KAMKin asiantuntemusta. AIKA-ekosysteemin avulla ja DIH Europe -verkoston tuella voit k\u00e4ynnist\u00e4\u00e4 teknologisia pilottiprojekteja. Kysy meilt\u00e4 lis\u00e4\u00e4. [&hellip;]","og_url":"https:\/\/aikaecosystem.com\/fi\/yhteistyo-ja-rahoitus\/","og_site_name":"AIKA Ecosystem","article_modified_time":"2024-11-25T14:03:10+00:00","og_image":[{"width":1256,"height":345,"url":"https:\/\/aikaecosystem.com\/wp-content\/uploads\/2023\/01\/1256X345_0001_PARTFUN.jpg","type":"image\/jpeg"}],"twitter_card":"summary_large_image","twitter_misc":{"Arvioitu lukuaika":"1 minuutti"},"schema":{"@context":"https:\/\/schema.org","@graph":[{"@type":"WebPage","@id":"https:\/\/aikaecosystem.com\/fi\/yhteistyo-ja-rahoitus\/","url":"https:\/\/aikaecosystem.com\/fi\/yhteistyo-ja-rahoitus\/","name":"Yhteisty\u00f6 ja rahoitus - AIKA Ecosystem","isPartOf":{"@id":"https:\/\/aikaecosystem.com\/#website"},"primaryImageOfPage":{"@id":"https:\/\/aikaecosystem.com\/fi\/yhteistyo-ja-rahoitus\/#primaryimage"},"image":{"@id":"https:\/\/aikaecosystem.com\/fi\/yhteistyo-ja-rahoitus\/#primaryimage"},"thumbnailUrl":"https:\/\/aikaecosystem.com\/wp-content\/uploads\/2023\/01\/1256X345_0001_PARTFUN.jpg","datePublished":"2021-05-10T08:21:51+00:00","dateModified":"2024-11-25T14:03:10+00:00","breadcrumb":{"@id":"https:\/\/aikaecosystem.com\/fi\/yhteistyo-ja-rahoitus\/#breadcrumb"},"inLanguage":"fi","potentialAction":[{"@type":"ReadAction","target":["https:\/\/aikaecosystem.com\/fi\/yhteistyo-ja-rahoitus\/"]}]},{"@type":"ImageObject","inLanguage":"fi","@id":"https:\/\/aikaecosystem.com\/fi\/yhteistyo-ja-rahoitus\/#primaryimage","url":"https:\/\/aikaecosystem.com\/wp-content\/uploads\/2023\/01\/1256X345_0001_PARTFUN.jpg","contentUrl":"https:\/\/aikaecosystem.com\/wp-content\/uploads\/2023\/01\/1256X345_0001_PARTFUN.jpg","width":1256,"height":345},{"@type":"BreadcrumbList","@id":"https:\/\/aikaecosystem.com\/fi\/yhteistyo-ja-rahoitus\/#breadcrumb","itemListElement":[{"@type":"ListItem","position":1,"name":"Events","item":"https:\/\/aikaecosystem-com.hel10.wp-cloud.dev\/fi\/"},{"@type":"ListItem","position":2,"name":"Yhteisty\u00f6 ja rahoitus"}]},{"@type":"WebSite","@id":"https:\/\/aikaecosystem.com\/#website","url":"https:\/\/aikaecosystem.com\/","name":"AIKA Ecosystem","description":"AI &amp; Data Intelligence Ecosystem","potentialAction":[{"@type":"SearchAction","target":{"@type":"EntryPoint","urlTemplate":"https:\/\/aikaecosystem.com\/?s={search_term_string}"},"query-input":{"@type":"PropertyValueSpecification","valueRequired":true,"valueName":"search_term_string"}}],"inLanguage":"fi"}]}},"_links":{"self":[{"href":"https:\/\/aikaecosystem.com\/fi\/wp-json\/wp\/v2\/pages\/2120","targetHints":{"allow":["GET"]}}],"collection":[{"href":"https:\/\/aikaecosystem.com\/fi\/wp-json\/wp\/v2\/pages"}],"about":[{"href":"https:\/\/aikaecosystem.com\/fi\/wp-json\/wp\/v2\/types\/page"}],"author":[{"embeddable":true,"href":"https:\/\/aikaecosystem.com\/fi\/wp-json\/wp\/v2\/users\/12"}],"replies":[{"embeddable":true,"href":"https:\/\/aikaecosystem.com\/fi\/wp-json\/wp\/v2\/comments?post=2120"}],"version-history":[{"count":8,"href":"https:\/\/aikaecosystem.com\/fi\/wp-json\/wp\/v2\/pages\/2120\/revisions"}],"predecessor-version":[{"id":2824,"href":"https:\/\/aikaecosystem.com\/fi\/wp-json\/wp\/v2\/pages\/2120\/revisions\/2824"}],"wp:featuredmedia":[{"embeddable":true,"href":"https:\/\/aikaecosystem.com\/fi\/wp-json\/wp\/v2\/media\/2066"}],"wp:attachment":[{"href":"https:\/\/aikaecosystem.com\/fi\/wp-json\/wp\/v2\/media?parent=2120"}],"curies":[{"name":"wp","href":"https:\/\/api.w.org\/{rel}","templated":true}]}}