{"id":2116,"date":"2021-05-10T11:48:52","date_gmt":"2021-05-10T08:48:52","guid":{"rendered":"https:\/\/aika-2022.sst.fi\/?page_id=2116"},"modified":"2024-11-25T17:00:52","modified_gmt":"2024-11-25T14:00:52","slug":"taydellinen-sijainti-datakeskuksille","status":"publish","type":"page","link":"https:\/\/aikaecosystem.com\/fi\/taydellinen-sijainti-datakeskuksille\/","title":{"rendered":"T\u00e4ydellinen sijainti datakeskuksille"},"content":{"rendered":"<p>Renforsin Rannan yrityspuisto Kajaanissa on optimaalinen paikka nykyaikaiselle, kustannustehokkaalle ja vihre\u00e4lle datakeskukselle. Siin\u00e4 kiteytyy Suomen yleiset edut, kuten helppous asioida euroalueella, vakaa poliittinen ja sosiaalinen ymp\u00e4rist\u00f6 ja alhainen luonnonkatastrofien riski yhdistettyn\u00e4 Kajaanin poikkeukselliseen infrastruktuuriin ja pohjoisen sijainnin tarjoamiin etuihin, kuten viile\u00e4\u00e4n ilmastoon.<\/p>\n<p>Yrityspuisto sijaitsee vanhan paperitehtaan alueella ja tarjoaa kymmeni\u00e4 tuhansia neli\u00f6metri\u00e4 vapaata tilaa mm. datakeskuksille. Alue toimii ymp\u00e4rist\u00f6yst\u00e4v\u00e4llisell\u00e4 vesi- ja tuulivoimalla ja alueen hukkal\u00e4mp\u00f6 voidaan hy\u00f6tyk\u00e4ytt\u00e4\u00e4 esim. Kajaanin kaukol\u00e4mp\u00f6verkostossa. Ilmainen ja ymp\u00e4rivuotinen ilma- ja vesij\u00e4\u00e4hdytys sek\u00e4 Pohjoismaiden edullinen s\u00e4hk\u00f6 mahdollistaa negatiivisen hiilijalanj\u00e4ljen konesalit. Alueella on yli 50 000 m\u00b2 vapaata rakennustilaa ja 200 hehtaarin tontti konesalitoimintaa varten. Nykyinen 200 MW muuntajakapasiteetti on k\u00e4ytett\u00e4viss\u00e4 alueen sis\u00e4ll\u00e4 ja se on laajennettavissa jopa 1000 MW:iin valtakunnallisesta verkosta.<\/p>\n<h3>CSC:n paikallinen tuki<\/h3>\n<p>CSC:ll\u00e4 on l\u00e4hes 50 vuoden kokemus datakeskusten rakennusprojektien toteuttamisesta sek\u00e4 konesalien operoinnista. Vuodesta 2012 l\u00e4htien kaikki CSC:n datakeskukset ovat sijainneet Kajaanissa ja vuodesta 2014 l\u00e4htien Renforsin Rannan yritypuistossa ISO 27001 -sertifikaatilla. Olemme valmiita auttamaan sinua konesalirakennusprojektin projektisuunnitelman koordinoinnissa ja toteuttamisessa valittujen kumppaneiden kanssa.<\/p>\n<p><strong>CSC:n tarjoamat edut kumppanina:<\/strong><\/p>\n<ul>\n<li>Vahva HPC-asiantuntemus<\/li>\n<li>Testattu HPC-suunnittelukonsepti maailmanluokan referensseill\u00e4<\/li>\n<li>Maailman k\u00e4rke\u00e4 oleva kest\u00e4v\u00e4n kehityksen toiminta<\/li>\n<li>Minimoidut kokonaiskustannukset ja ymp\u00e4rist\u00f6vaikutukset<\/li>\n<li>Pohjoismaiden k\u00e4rkitason skaalautuvuus ja toimitusprosessi<\/li>\n<li>Konesalioperointi palveluna paikallisten konesaliasiantuntijoidemme avulla<\/li>\n<li>Alueellisen ekosysteemin osaaminen ja tuki<\/li>\n<\/ul>\n<p><a href=\"https:\/\/csc.fi\/osaamisemme\/datakeskusekosysteemi\/\" target=\"_blank\" rel=\"noopener\">Lue lis\u00e4\u00e4 Kajaanista konesalin sijoituspaikkana.<\/a><\/p>\n<p>Tervetuloa vierailulle <a href=\"https:\/\/csc.fi\/osaamisemme\/datakeskusekosysteemi\/kajaanin-datakeskusvierailut\/\" target=\"_blank\" rel=\"noopener\">CSC:n datakeskukseen!<\/a><\/p>\n<p>&nbsp;<\/p>\n<p>&nbsp;<\/p>\n","protected":false},"excerpt":{"rendered":"<p>Renforsin Rannan yrityspuisto Kajaanissa on optimaalinen paikka nykyaikaiselle, kustannustehokkaalle ja vihre\u00e4lle datakeskukselle. Siin\u00e4 kiteytyy Suomen yleiset edut, kuten helppous asioida euroalueella, vakaa poliittinen ja sosiaalinen ymp\u00e4rist\u00f6 ja alhainen luonnonkatastrofien riski yhdistettyn\u00e4 Kajaanin poikkeukselliseen infrastruktuuriin ja pohjoisen sijainnin tarjoamiin etuihin, kuten viile\u00e4\u00e4n ilmastoon. Yrityspuisto sijaitsee vanhan paperitehtaan alueella ja tarjoaa kymmeni\u00e4 tuhansia neli\u00f6metri\u00e4 vapaata tilaa mm. [&hellip;]<\/p>\n","protected":false},"author":12,"featured_media":2074,"parent":0,"menu_order":12,"comment_status":"closed","ping_status":"closed","template":"","meta":{"inline_featured_image":false,"footnotes":""},"class_list":["post-2116","page","type-page","status-publish","has-post-thumbnail","hentry"],"acf":[],"yoast_head":"<!-- This site is optimized with the Yoast SEO plugin v27.4 - https:\/\/yoast.com\/product\/yoast-seo-wordpress\/ -->\n<title>T\u00e4ydellinen sijainti datakeskuksille - AIKA Ecosystem<\/title>\n<meta name=\"robots\" content=\"index, follow, max-snippet:-1, max-image-preview:large, max-video-preview:-1\" \/>\n<link rel=\"canonical\" href=\"https:\/\/aikaecosystem.com\/fi\/taydellinen-sijainti-datakeskuksille\/\" \/>\n<meta property=\"og:locale\" content=\"fi_FI\" \/>\n<meta property=\"og:type\" content=\"article\" \/>\n<meta property=\"og:title\" content=\"T\u00e4ydellinen sijainti datakeskuksille - AIKA Ecosystem\" \/>\n<meta property=\"og:description\" content=\"Renforsin Rannan yrityspuisto Kajaanissa on optimaalinen paikka nykyaikaiselle, kustannustehokkaalle ja vihre\u00e4lle datakeskukselle. Siin\u00e4 kiteytyy Suomen yleiset edut, kuten helppous asioida euroalueella, vakaa poliittinen ja sosiaalinen ymp\u00e4rist\u00f6 ja alhainen luonnonkatastrofien riski yhdistettyn\u00e4 Kajaanin poikkeukselliseen infrastruktuuriin ja pohjoisen sijainnin tarjoamiin etuihin, kuten viile\u00e4\u00e4n ilmastoon. Yrityspuisto sijaitsee vanhan paperitehtaan alueella ja tarjoaa kymmeni\u00e4 tuhansia neli\u00f6metri\u00e4 vapaata tilaa mm. [&hellip;]\" \/>\n<meta property=\"og:url\" content=\"https:\/\/aikaecosystem.com\/fi\/taydellinen-sijainti-datakeskuksille\/\" \/>\n<meta property=\"og:site_name\" content=\"AIKA Ecosystem\" \/>\n<meta property=\"article:modified_time\" content=\"2024-11-25T14:00:52+00:00\" \/>\n<meta property=\"og:image\" content=\"https:\/\/aikaecosystem.com\/wp-content\/uploads\/2023\/01\/1256X345_0005_INFRA.jpg\" \/>\n\t<meta property=\"og:image:width\" content=\"1256\" \/>\n\t<meta property=\"og:image:height\" content=\"345\" \/>\n\t<meta property=\"og:image:type\" content=\"image\/jpeg\" \/>\n<meta name=\"twitter:card\" content=\"summary_large_image\" \/>\n<meta name=\"twitter:label1\" content=\"Arvioitu lukuaika\" \/>\n\t<meta name=\"twitter:data1\" content=\"2 minuuttia\" \/>\n<script type=\"application\/ld+json\" class=\"yoast-schema-graph\">{\"@context\":\"https:\\\/\\\/schema.org\",\"@graph\":[{\"@type\":\"WebPage\",\"@id\":\"https:\\\/\\\/aikaecosystem.com\\\/fi\\\/taydellinen-sijainti-datakeskuksille\\\/\",\"url\":\"https:\\\/\\\/aikaecosystem.com\\\/fi\\\/taydellinen-sijainti-datakeskuksille\\\/\",\"name\":\"T\u00e4ydellinen sijainti datakeskuksille - AIKA Ecosystem\",\"isPartOf\":{\"@id\":\"https:\\\/\\\/aikaecosystem.com\\\/#website\"},\"primaryImageOfPage\":{\"@id\":\"https:\\\/\\\/aikaecosystem.com\\\/fi\\\/taydellinen-sijainti-datakeskuksille\\\/#primaryimage\"},\"image\":{\"@id\":\"https:\\\/\\\/aikaecosystem.com\\\/fi\\\/taydellinen-sijainti-datakeskuksille\\\/#primaryimage\"},\"thumbnailUrl\":\"https:\\\/\\\/aikaecosystem.com\\\/wp-content\\\/uploads\\\/2023\\\/01\\\/1256X345_0005_INFRA.jpg\",\"datePublished\":\"2021-05-10T08:48:52+00:00\",\"dateModified\":\"2024-11-25T14:00:52+00:00\",\"breadcrumb\":{\"@id\":\"https:\\\/\\\/aikaecosystem.com\\\/fi\\\/taydellinen-sijainti-datakeskuksille\\\/#breadcrumb\"},\"inLanguage\":\"fi\",\"potentialAction\":[{\"@type\":\"ReadAction\",\"target\":[\"https:\\\/\\\/aikaecosystem.com\\\/fi\\\/taydellinen-sijainti-datakeskuksille\\\/\"]}]},{\"@type\":\"ImageObject\",\"inLanguage\":\"fi\",\"@id\":\"https:\\\/\\\/aikaecosystem.com\\\/fi\\\/taydellinen-sijainti-datakeskuksille\\\/#primaryimage\",\"url\":\"https:\\\/\\\/aikaecosystem.com\\\/wp-content\\\/uploads\\\/2023\\\/01\\\/1256X345_0005_INFRA.jpg\",\"contentUrl\":\"https:\\\/\\\/aikaecosystem.com\\\/wp-content\\\/uploads\\\/2023\\\/01\\\/1256X345_0005_INFRA.jpg\",\"width\":1256,\"height\":345},{\"@type\":\"BreadcrumbList\",\"@id\":\"https:\\\/\\\/aikaecosystem.com\\\/fi\\\/taydellinen-sijainti-datakeskuksille\\\/#breadcrumb\",\"itemListElement\":[{\"@type\":\"ListItem\",\"position\":1,\"name\":\"Events\",\"item\":\"https:\\\/\\\/aikaecosystem-com.hel10.wp-cloud.dev\\\/fi\\\/\"},{\"@type\":\"ListItem\",\"position\":2,\"name\":\"T\u00e4ydellinen sijainti datakeskuksille\"}]},{\"@type\":\"WebSite\",\"@id\":\"https:\\\/\\\/aikaecosystem.com\\\/#website\",\"url\":\"https:\\\/\\\/aikaecosystem.com\\\/\",\"name\":\"AIKA Ecosystem\",\"description\":\"AI &amp; Data Intelligence Ecosystem\",\"potentialAction\":[{\"@type\":\"SearchAction\",\"target\":{\"@type\":\"EntryPoint\",\"urlTemplate\":\"https:\\\/\\\/aikaecosystem.com\\\/?s={search_term_string}\"},\"query-input\":{\"@type\":\"PropertyValueSpecification\",\"valueRequired\":true,\"valueName\":\"search_term_string\"}}],\"inLanguage\":\"fi\"}]}<\/script>\n<!-- \/ Yoast SEO plugin. -->","yoast_head_json":{"title":"T\u00e4ydellinen sijainti datakeskuksille - AIKA Ecosystem","robots":{"index":"index","follow":"follow","max-snippet":"max-snippet:-1","max-image-preview":"max-image-preview:large","max-video-preview":"max-video-preview:-1"},"canonical":"https:\/\/aikaecosystem.com\/fi\/taydellinen-sijainti-datakeskuksille\/","og_locale":"fi_FI","og_type":"article","og_title":"T\u00e4ydellinen sijainti datakeskuksille - AIKA Ecosystem","og_description":"Renforsin Rannan yrityspuisto Kajaanissa on optimaalinen paikka nykyaikaiselle, kustannustehokkaalle ja vihre\u00e4lle datakeskukselle. Siin\u00e4 kiteytyy Suomen yleiset edut, kuten helppous asioida euroalueella, vakaa poliittinen ja sosiaalinen ymp\u00e4rist\u00f6 ja alhainen luonnonkatastrofien riski yhdistettyn\u00e4 Kajaanin poikkeukselliseen infrastruktuuriin ja pohjoisen sijainnin tarjoamiin etuihin, kuten viile\u00e4\u00e4n ilmastoon. Yrityspuisto sijaitsee vanhan paperitehtaan alueella ja tarjoaa kymmeni\u00e4 tuhansia neli\u00f6metri\u00e4 vapaata tilaa mm. [&hellip;]","og_url":"https:\/\/aikaecosystem.com\/fi\/taydellinen-sijainti-datakeskuksille\/","og_site_name":"AIKA Ecosystem","article_modified_time":"2024-11-25T14:00:52+00:00","og_image":[{"width":1256,"height":345,"url":"https:\/\/aikaecosystem.com\/wp-content\/uploads\/2023\/01\/1256X345_0005_INFRA.jpg","type":"image\/jpeg"}],"twitter_card":"summary_large_image","twitter_misc":{"Arvioitu lukuaika":"2 minuuttia"},"schema":{"@context":"https:\/\/schema.org","@graph":[{"@type":"WebPage","@id":"https:\/\/aikaecosystem.com\/fi\/taydellinen-sijainti-datakeskuksille\/","url":"https:\/\/aikaecosystem.com\/fi\/taydellinen-sijainti-datakeskuksille\/","name":"T\u00e4ydellinen sijainti datakeskuksille - AIKA Ecosystem","isPartOf":{"@id":"https:\/\/aikaecosystem.com\/#website"},"primaryImageOfPage":{"@id":"https:\/\/aikaecosystem.com\/fi\/taydellinen-sijainti-datakeskuksille\/#primaryimage"},"image":{"@id":"https:\/\/aikaecosystem.com\/fi\/taydellinen-sijainti-datakeskuksille\/#primaryimage"},"thumbnailUrl":"https:\/\/aikaecosystem.com\/wp-content\/uploads\/2023\/01\/1256X345_0005_INFRA.jpg","datePublished":"2021-05-10T08:48:52+00:00","dateModified":"2024-11-25T14:00:52+00:00","breadcrumb":{"@id":"https:\/\/aikaecosystem.com\/fi\/taydellinen-sijainti-datakeskuksille\/#breadcrumb"},"inLanguage":"fi","potentialAction":[{"@type":"ReadAction","target":["https:\/\/aikaecosystem.com\/fi\/taydellinen-sijainti-datakeskuksille\/"]}]},{"@type":"ImageObject","inLanguage":"fi","@id":"https:\/\/aikaecosystem.com\/fi\/taydellinen-sijainti-datakeskuksille\/#primaryimage","url":"https:\/\/aikaecosystem.com\/wp-content\/uploads\/2023\/01\/1256X345_0005_INFRA.jpg","contentUrl":"https:\/\/aikaecosystem.com\/wp-content\/uploads\/2023\/01\/1256X345_0005_INFRA.jpg","width":1256,"height":345},{"@type":"BreadcrumbList","@id":"https:\/\/aikaecosystem.com\/fi\/taydellinen-sijainti-datakeskuksille\/#breadcrumb","itemListElement":[{"@type":"ListItem","position":1,"name":"Events","item":"https:\/\/aikaecosystem-com.hel10.wp-cloud.dev\/fi\/"},{"@type":"ListItem","position":2,"name":"T\u00e4ydellinen sijainti datakeskuksille"}]},{"@type":"WebSite","@id":"https:\/\/aikaecosystem.com\/#website","url":"https:\/\/aikaecosystem.com\/","name":"AIKA Ecosystem","description":"AI &amp; Data Intelligence Ecosystem","potentialAction":[{"@type":"SearchAction","target":{"@type":"EntryPoint","urlTemplate":"https:\/\/aikaecosystem.com\/?s={search_term_string}"},"query-input":{"@type":"PropertyValueSpecification","valueRequired":true,"valueName":"search_term_string"}}],"inLanguage":"fi"}]}},"_links":{"self":[{"href":"https:\/\/aikaecosystem.com\/fi\/wp-json\/wp\/v2\/pages\/2116","targetHints":{"allow":["GET"]}}],"collection":[{"href":"https:\/\/aikaecosystem.com\/fi\/wp-json\/wp\/v2\/pages"}],"about":[{"href":"https:\/\/aikaecosystem.com\/fi\/wp-json\/wp\/v2\/types\/page"}],"author":[{"embeddable":true,"href":"https:\/\/aikaecosystem.com\/fi\/wp-json\/wp\/v2\/users\/12"}],"replies":[{"embeddable":true,"href":"https:\/\/aikaecosystem.com\/fi\/wp-json\/wp\/v2\/comments?post=2116"}],"version-history":[{"count":9,"href":"https:\/\/aikaecosystem.com\/fi\/wp-json\/wp\/v2\/pages\/2116\/revisions"}],"predecessor-version":[{"id":2823,"href":"https:\/\/aikaecosystem.com\/fi\/wp-json\/wp\/v2\/pages\/2116\/revisions\/2823"}],"wp:featuredmedia":[{"embeddable":true,"href":"https:\/\/aikaecosystem.com\/fi\/wp-json\/wp\/v2\/media\/2074"}],"wp:attachment":[{"href":"https:\/\/aikaecosystem.com\/fi\/wp-json\/wp\/v2\/media?parent=2116"}],"curies":[{"name":"wp","href":"https:\/\/api.w.org\/{rel}","templated":true}]}}