{"id":2114,"date":"2021-06-03T13:26:48","date_gmt":"2021-06-03T10:26:48","guid":{"rendered":"https:\/\/aika-2022.sst.fi\/?page_id=2114"},"modified":"2024-11-25T16:46:03","modified_gmt":"2024-11-25T13:46:03","slug":"superlaskenta","status":"publish","type":"page","link":"https:\/\/aikaecosystem.com\/fi\/superlaskenta\/","title":{"rendered":"Superlaskenta"},"content":{"rendered":"<p>Yritykset voivat hy\u00f6dynt\u00e4\u00e4 laajasti suurteholaskentaa (HPC) osana tuotekehityst\u00e4 ja innovaatiotoimintaa. LUMI, yksi maailman tehokkaimmista supertietokoneista, tarjoaa ainutlaatuisen maailmanluokan suurteholaskenta- ja teko\u00e4lyalustan eurooppalaiselle tutkimukselle ja yrityksille. <b>LUMI-supertietokoneen Suomen kapasiteetista jopa 20 % on varattu suomalaisyrityksille,<\/b> mik\u00e4 on merkitt\u00e4v\u00e4 investointi yritysten tuotekehitys- ja innovaatioty\u00f6h\u00f6n.<\/p>\n<p>CSC:n mittava kokemus ja kontaktit eri EU-tutkimusohjelmissa yhdistettyn\u00e4 AIKA-kumppaneiden asiantuntemukseen tarjoaa merkitt\u00e4v\u00e4\u00e4 tukea yrityksille superlaskennan, teko\u00e4lyn ja data-analytiikan mahdollisuuksien kartoittamiseen liiketoiminnassaan. AIKA ekosysteemin avulla on mahdollista saada asiantuntijatukea, p\u00e4\u00e4st\u00e4 tekem\u00e4\u00e4n yhteisty\u00f6t\u00e4 korkeakoulujen ja tutkimuslaitosten kanssa sek\u00e4 hakea rahoitusta tutkimus- ja kehityshankkeisiin.<\/p>\n<p><a href=\"https:\/\/csc.fi\/tietoa-meista\/asiakkaat\/suurteholaskentaa-yrityksille\/\" target=\"_blank\" rel=\"noopener\">Lis\u00e4tietoa LUMIn yritysk\u00e4yt\u00f6st\u00e4.<\/a><\/p>\n<p><a href=\"https:\/\/csc.fi\/tarinaryhma\/asiakastarinat\/\" target=\"_blank\" rel=\"noopener\">Lue lis\u00e4\u00e4 yrityksist\u00e4, jotka ovat hy\u00f6dynt\u00e4neet suurteholaskentaa tuotekehitys- ja innovaatioty\u00f6ss\u00e4\u00e4n.<\/a><\/p>\n","protected":false},"excerpt":{"rendered":"<p>Yritykset voivat hy\u00f6dynt\u00e4\u00e4 laajasti suurteholaskentaa (HPC) osana tuotekehityst\u00e4 ja innovaatiotoimintaa. LUMI, yksi maailman tehokkaimmista supertietokoneista, tarjoaa ainutlaatuisen maailmanluokan suurteholaskenta- ja teko\u00e4lyalustan eurooppalaiselle tutkimukselle ja yrityksille. LUMI-supertietokoneen Suomen kapasiteetista jopa 20 % on varattu suomalaisyrityksille, mik\u00e4 on merkitt\u00e4v\u00e4 investointi yritysten tuotekehitys- ja innovaatioty\u00f6h\u00f6n. CSC:n mittava kokemus ja kontaktit eri EU-tutkimusohjelmissa yhdistettyn\u00e4 AIKA-kumppaneiden asiantuntemukseen tarjoaa merkitt\u00e4v\u00e4\u00e4 tukea [&hellip;]<\/p>\n","protected":false},"author":12,"featured_media":2068,"parent":0,"menu_order":10,"comment_status":"closed","ping_status":"closed","template":"","meta":{"inline_featured_image":false,"footnotes":""},"class_list":["post-2114","page","type-page","status-publish","has-post-thumbnail","hentry"],"acf":[],"yoast_head":"<!-- This site is optimized with the Yoast SEO plugin v27.4 - https:\/\/yoast.com\/product\/yoast-seo-wordpress\/ -->\n<title>Superlaskenta - AIKA Ecosystem<\/title>\n<meta name=\"robots\" content=\"index, follow, max-snippet:-1, max-image-preview:large, max-video-preview:-1\" \/>\n<link rel=\"canonical\" href=\"https:\/\/aikaecosystem.com\/fi\/superlaskenta\/\" \/>\n<meta property=\"og:locale\" content=\"fi_FI\" \/>\n<meta property=\"og:type\" content=\"article\" \/>\n<meta property=\"og:title\" content=\"Superlaskenta - AIKA Ecosystem\" \/>\n<meta property=\"og:description\" content=\"Yritykset voivat hy\u00f6dynt\u00e4\u00e4 laajasti suurteholaskentaa (HPC) osana tuotekehityst\u00e4 ja innovaatiotoimintaa. LUMI, yksi maailman tehokkaimmista supertietokoneista, tarjoaa ainutlaatuisen maailmanluokan suurteholaskenta- ja teko\u00e4lyalustan eurooppalaiselle tutkimukselle ja yrityksille. LUMI-supertietokoneen Suomen kapasiteetista jopa 20 % on varattu suomalaisyrityksille, mik\u00e4 on merkitt\u00e4v\u00e4 investointi yritysten tuotekehitys- ja innovaatioty\u00f6h\u00f6n. CSC:n mittava kokemus ja kontaktit eri EU-tutkimusohjelmissa yhdistettyn\u00e4 AIKA-kumppaneiden asiantuntemukseen tarjoaa merkitt\u00e4v\u00e4\u00e4 tukea [&hellip;]\" \/>\n<meta property=\"og:url\" content=\"https:\/\/aikaecosystem.com\/fi\/superlaskenta\/\" \/>\n<meta property=\"og:site_name\" content=\"AIKA Ecosystem\" \/>\n<meta property=\"article:modified_time\" content=\"2024-11-25T13:46:03+00:00\" \/>\n<meta property=\"og:image\" content=\"https:\/\/aikaecosystem.com\/wp-content\/uploads\/2023\/01\/1256X345_0002_SUPERC.jpg\" \/>\n\t<meta property=\"og:image:width\" content=\"1256\" \/>\n\t<meta property=\"og:image:height\" content=\"345\" \/>\n\t<meta property=\"og:image:type\" content=\"image\/jpeg\" \/>\n<meta name=\"twitter:card\" content=\"summary_large_image\" \/>\n<meta name=\"twitter:label1\" content=\"Arvioitu lukuaika\" \/>\n\t<meta name=\"twitter:data1\" content=\"1 minuutti\" \/>\n<script type=\"application\/ld+json\" class=\"yoast-schema-graph\">{\"@context\":\"https:\\\/\\\/schema.org\",\"@graph\":[{\"@type\":\"WebPage\",\"@id\":\"https:\\\/\\\/aikaecosystem.com\\\/fi\\\/superlaskenta\\\/\",\"url\":\"https:\\\/\\\/aikaecosystem.com\\\/fi\\\/superlaskenta\\\/\",\"name\":\"Superlaskenta - AIKA Ecosystem\",\"isPartOf\":{\"@id\":\"https:\\\/\\\/aikaecosystem.com\\\/#website\"},\"primaryImageOfPage\":{\"@id\":\"https:\\\/\\\/aikaecosystem.com\\\/fi\\\/superlaskenta\\\/#primaryimage\"},\"image\":{\"@id\":\"https:\\\/\\\/aikaecosystem.com\\\/fi\\\/superlaskenta\\\/#primaryimage\"},\"thumbnailUrl\":\"https:\\\/\\\/aikaecosystem.com\\\/wp-content\\\/uploads\\\/2023\\\/01\\\/1256X345_0002_SUPERC.jpg\",\"datePublished\":\"2021-06-03T10:26:48+00:00\",\"dateModified\":\"2024-11-25T13:46:03+00:00\",\"breadcrumb\":{\"@id\":\"https:\\\/\\\/aikaecosystem.com\\\/fi\\\/superlaskenta\\\/#breadcrumb\"},\"inLanguage\":\"fi\",\"potentialAction\":[{\"@type\":\"ReadAction\",\"target\":[\"https:\\\/\\\/aikaecosystem.com\\\/fi\\\/superlaskenta\\\/\"]}]},{\"@type\":\"ImageObject\",\"inLanguage\":\"fi\",\"@id\":\"https:\\\/\\\/aikaecosystem.com\\\/fi\\\/superlaskenta\\\/#primaryimage\",\"url\":\"https:\\\/\\\/aikaecosystem.com\\\/wp-content\\\/uploads\\\/2023\\\/01\\\/1256X345_0002_SUPERC.jpg\",\"contentUrl\":\"https:\\\/\\\/aikaecosystem.com\\\/wp-content\\\/uploads\\\/2023\\\/01\\\/1256X345_0002_SUPERC.jpg\",\"width\":1256,\"height\":345},{\"@type\":\"BreadcrumbList\",\"@id\":\"https:\\\/\\\/aikaecosystem.com\\\/fi\\\/superlaskenta\\\/#breadcrumb\",\"itemListElement\":[{\"@type\":\"ListItem\",\"position\":1,\"name\":\"Events\",\"item\":\"https:\\\/\\\/aikaecosystem-com.hel10.wp-cloud.dev\\\/fi\\\/\"},{\"@type\":\"ListItem\",\"position\":2,\"name\":\"Superlaskenta\"}]},{\"@type\":\"WebSite\",\"@id\":\"https:\\\/\\\/aikaecosystem.com\\\/#website\",\"url\":\"https:\\\/\\\/aikaecosystem.com\\\/\",\"name\":\"AIKA Ecosystem\",\"description\":\"AI &amp; Data Intelligence Ecosystem\",\"potentialAction\":[{\"@type\":\"SearchAction\",\"target\":{\"@type\":\"EntryPoint\",\"urlTemplate\":\"https:\\\/\\\/aikaecosystem.com\\\/?s={search_term_string}\"},\"query-input\":{\"@type\":\"PropertyValueSpecification\",\"valueRequired\":true,\"valueName\":\"search_term_string\"}}],\"inLanguage\":\"fi\"}]}<\/script>\n<!-- \/ Yoast SEO plugin. -->","yoast_head_json":{"title":"Superlaskenta - AIKA Ecosystem","robots":{"index":"index","follow":"follow","max-snippet":"max-snippet:-1","max-image-preview":"max-image-preview:large","max-video-preview":"max-video-preview:-1"},"canonical":"https:\/\/aikaecosystem.com\/fi\/superlaskenta\/","og_locale":"fi_FI","og_type":"article","og_title":"Superlaskenta - AIKA Ecosystem","og_description":"Yritykset voivat hy\u00f6dynt\u00e4\u00e4 laajasti suurteholaskentaa (HPC) osana tuotekehityst\u00e4 ja innovaatiotoimintaa. LUMI, yksi maailman tehokkaimmista supertietokoneista, tarjoaa ainutlaatuisen maailmanluokan suurteholaskenta- ja teko\u00e4lyalustan eurooppalaiselle tutkimukselle ja yrityksille. LUMI-supertietokoneen Suomen kapasiteetista jopa 20 % on varattu suomalaisyrityksille, mik\u00e4 on merkitt\u00e4v\u00e4 investointi yritysten tuotekehitys- ja innovaatioty\u00f6h\u00f6n. CSC:n mittava kokemus ja kontaktit eri EU-tutkimusohjelmissa yhdistettyn\u00e4 AIKA-kumppaneiden asiantuntemukseen tarjoaa merkitt\u00e4v\u00e4\u00e4 tukea [&hellip;]","og_url":"https:\/\/aikaecosystem.com\/fi\/superlaskenta\/","og_site_name":"AIKA Ecosystem","article_modified_time":"2024-11-25T13:46:03+00:00","og_image":[{"width":1256,"height":345,"url":"https:\/\/aikaecosystem.com\/wp-content\/uploads\/2023\/01\/1256X345_0002_SUPERC.jpg","type":"image\/jpeg"}],"twitter_card":"summary_large_image","twitter_misc":{"Arvioitu lukuaika":"1 minuutti"},"schema":{"@context":"https:\/\/schema.org","@graph":[{"@type":"WebPage","@id":"https:\/\/aikaecosystem.com\/fi\/superlaskenta\/","url":"https:\/\/aikaecosystem.com\/fi\/superlaskenta\/","name":"Superlaskenta - AIKA Ecosystem","isPartOf":{"@id":"https:\/\/aikaecosystem.com\/#website"},"primaryImageOfPage":{"@id":"https:\/\/aikaecosystem.com\/fi\/superlaskenta\/#primaryimage"},"image":{"@id":"https:\/\/aikaecosystem.com\/fi\/superlaskenta\/#primaryimage"},"thumbnailUrl":"https:\/\/aikaecosystem.com\/wp-content\/uploads\/2023\/01\/1256X345_0002_SUPERC.jpg","datePublished":"2021-06-03T10:26:48+00:00","dateModified":"2024-11-25T13:46:03+00:00","breadcrumb":{"@id":"https:\/\/aikaecosystem.com\/fi\/superlaskenta\/#breadcrumb"},"inLanguage":"fi","potentialAction":[{"@type":"ReadAction","target":["https:\/\/aikaecosystem.com\/fi\/superlaskenta\/"]}]},{"@type":"ImageObject","inLanguage":"fi","@id":"https:\/\/aikaecosystem.com\/fi\/superlaskenta\/#primaryimage","url":"https:\/\/aikaecosystem.com\/wp-content\/uploads\/2023\/01\/1256X345_0002_SUPERC.jpg","contentUrl":"https:\/\/aikaecosystem.com\/wp-content\/uploads\/2023\/01\/1256X345_0002_SUPERC.jpg","width":1256,"height":345},{"@type":"BreadcrumbList","@id":"https:\/\/aikaecosystem.com\/fi\/superlaskenta\/#breadcrumb","itemListElement":[{"@type":"ListItem","position":1,"name":"Events","item":"https:\/\/aikaecosystem-com.hel10.wp-cloud.dev\/fi\/"},{"@type":"ListItem","position":2,"name":"Superlaskenta"}]},{"@type":"WebSite","@id":"https:\/\/aikaecosystem.com\/#website","url":"https:\/\/aikaecosystem.com\/","name":"AIKA Ecosystem","description":"AI &amp; Data Intelligence Ecosystem","potentialAction":[{"@type":"SearchAction","target":{"@type":"EntryPoint","urlTemplate":"https:\/\/aikaecosystem.com\/?s={search_term_string}"},"query-input":{"@type":"PropertyValueSpecification","valueRequired":true,"valueName":"search_term_string"}}],"inLanguage":"fi"}]}},"_links":{"self":[{"href":"https:\/\/aikaecosystem.com\/fi\/wp-json\/wp\/v2\/pages\/2114","targetHints":{"allow":["GET"]}}],"collection":[{"href":"https:\/\/aikaecosystem.com\/fi\/wp-json\/wp\/v2\/pages"}],"about":[{"href":"https:\/\/aikaecosystem.com\/fi\/wp-json\/wp\/v2\/types\/page"}],"author":[{"embeddable":true,"href":"https:\/\/aikaecosystem.com\/fi\/wp-json\/wp\/v2\/users\/12"}],"replies":[{"embeddable":true,"href":"https:\/\/aikaecosystem.com\/fi\/wp-json\/wp\/v2\/comments?post=2114"}],"version-history":[{"count":5,"href":"https:\/\/aikaecosystem.com\/fi\/wp-json\/wp\/v2\/pages\/2114\/revisions"}],"predecessor-version":[{"id":2817,"href":"https:\/\/aikaecosystem.com\/fi\/wp-json\/wp\/v2\/pages\/2114\/revisions\/2817"}],"wp:featuredmedia":[{"embeddable":true,"href":"https:\/\/aikaecosystem.com\/fi\/wp-json\/wp\/v2\/media\/2068"}],"wp:attachment":[{"href":"https:\/\/aikaecosystem.com\/fi\/wp-json\/wp\/v2\/media?parent=2114"}],"curies":[{"name":"wp","href":"https:\/\/api.w.org\/{rel}","templated":true}]}}