{"id":2112,"date":"2021-06-18T10:08:24","date_gmt":"2021-06-18T07:08:24","guid":{"rendered":"https:\/\/aika-2022.sst.fi\/?page_id=2112"},"modified":"2023-01-25T15:03:20","modified_gmt":"2023-01-25T12:03:20","slug":"tukea-yrityksille-digitalisaatiohaasteisiin","status":"publish","type":"page","link":"https:\/\/aikaecosystem.com\/fi\/tukea-yrityksille-digitalisaatiohaasteisiin\/","title":{"rendered":"Tukea yrityksille digitalisaatiohaasteisiin"},"content":{"rendered":"<p>AIKA-ekosysteemi tarjoaa j\u00e4senilleen ja yhteisty\u00f6kumppaneilleen useita tukipalveluja digitalisaatioon, mm.:<\/p>\n<ul>\n<li>testauspalvelu ennen investointip\u00e4\u00e4t\u00f6st\u00e4<\/li>\n<li>runsaasti erilaisia koulutuksia<\/li>\n<li>digitalisaatioon liittyvi\u00e4 rahoitus- ja liiketoiminnan kehitt\u00e4mispalveluja<\/li>\n<li>ekosysteemi, matchmaking ja verkostoituminen<\/li>\n<li>datankeruu- ja data\/AI-strategiapalveluja<\/li>\n<li>p\u00e4\u00e4syn Digital Innovation Hub- ja European Digital Innovation Hub -verkostoihin<\/li>\n<li>tukea eXtended Reality (AR\/VR\/MR) -liit\u00e4nn\u00e4iseen tutkimukseen, kehitysty\u00f6h\u00f6n ja innovaatioihin<\/li>\n<\/ul>\n<p>Voimme aloittaa keskustelun tarpeistasi kahvikupillisen \u00e4\u00e4ress\u00e4. Keskustelun pohjalta teemme maksuttoman arvion yrityksesi digitaalisesta valmiustasosta ja sen j\u00e4lkeen ehdotamme mahdollisia toimenpiteit\u00e4.<\/p>\n<p>Kuulostaako kiinnostavalta? <a href=\"https:\/\/aikaecosystem.com\/fi\/liity-aktiiviseen-ja-elavaan-ekosysteemiin\/\">Ota meihin yhteytt\u00e4<\/a> saadaksesi lis\u00e4tietoja ja palvelut k\u00e4ytt\u00f6\u00f6si.<\/p>\n","protected":false},"excerpt":{"rendered":"<p>AIKA-ekosysteemi tarjoaa j\u00e4senilleen ja yhteisty\u00f6kumppaneilleen useita tukipalveluja digitalisaatioon, mm.: testauspalvelu ennen investointip\u00e4\u00e4t\u00f6st\u00e4 runsaasti erilaisia koulutuksia digitalisaatioon liittyvi\u00e4 rahoitus- ja liiketoiminnan kehitt\u00e4mispalveluja ekosysteemi, matchmaking ja verkostoituminen datankeruu- ja data\/AI-strategiapalveluja p\u00e4\u00e4syn Digital Innovation Hub- ja European Digital Innovation Hub -verkostoihin tukea eXtended Reality (AR\/VR\/MR) -liit\u00e4nn\u00e4iseen tutkimukseen, kehitysty\u00f6h\u00f6n ja innovaatioihin Voimme aloittaa keskustelun tarpeistasi kahvikupillisen \u00e4\u00e4ress\u00e4. Keskustelun pohjalta [&hellip;]<\/p>\n","protected":false},"author":12,"featured_media":2070,"parent":0,"menu_order":8,"comment_status":"closed","ping_status":"closed","template":"","meta":{"inline_featured_image":false,"footnotes":""},"class_list":["post-2112","page","type-page","status-publish","has-post-thumbnail","hentry"],"acf":[],"yoast_head":"<!-- This site is optimized with the Yoast SEO plugin v27.4 - https:\/\/yoast.com\/product\/yoast-seo-wordpress\/ -->\n<title>Tukea yrityksille digitalisaatiohaasteisiin - AIKA Ecosystem<\/title>\n<meta name=\"robots\" content=\"index, follow, max-snippet:-1, max-image-preview:large, max-video-preview:-1\" \/>\n<link rel=\"canonical\" href=\"https:\/\/aikaecosystem.com\/fi\/tukea-yrityksille-digitalisaatiohaasteisiin\/\" \/>\n<meta property=\"og:locale\" content=\"fi_FI\" \/>\n<meta property=\"og:type\" content=\"article\" \/>\n<meta property=\"og:title\" content=\"Tukea yrityksille digitalisaatiohaasteisiin - AIKA Ecosystem\" \/>\n<meta property=\"og:description\" content=\"AIKA-ekosysteemi tarjoaa j\u00e4senilleen ja yhteisty\u00f6kumppaneilleen useita tukipalveluja digitalisaatioon, mm.: testauspalvelu ennen investointip\u00e4\u00e4t\u00f6st\u00e4 runsaasti erilaisia koulutuksia digitalisaatioon liittyvi\u00e4 rahoitus- ja liiketoiminnan kehitt\u00e4mispalveluja ekosysteemi, matchmaking ja verkostoituminen datankeruu- ja data\/AI-strategiapalveluja p\u00e4\u00e4syn Digital Innovation Hub- ja European Digital Innovation Hub -verkostoihin tukea eXtended Reality (AR\/VR\/MR) -liit\u00e4nn\u00e4iseen tutkimukseen, kehitysty\u00f6h\u00f6n ja innovaatioihin Voimme aloittaa keskustelun tarpeistasi kahvikupillisen \u00e4\u00e4ress\u00e4. Keskustelun pohjalta [&hellip;]\" \/>\n<meta property=\"og:url\" content=\"https:\/\/aikaecosystem.com\/fi\/tukea-yrityksille-digitalisaatiohaasteisiin\/\" \/>\n<meta property=\"og:site_name\" content=\"AIKA Ecosystem\" \/>\n<meta property=\"article:modified_time\" content=\"2023-01-25T12:03:20+00:00\" \/>\n<meta property=\"og:image\" content=\"https:\/\/aikaecosystem.com\/wp-content\/uploads\/2023\/01\/1256X345_0003_DIGITALI.jpg\" \/>\n\t<meta property=\"og:image:width\" content=\"1256\" \/>\n\t<meta property=\"og:image:height\" content=\"345\" \/>\n\t<meta property=\"og:image:type\" content=\"image\/jpeg\" \/>\n<meta name=\"twitter:card\" content=\"summary_large_image\" \/>\n<meta name=\"twitter:label1\" content=\"Arvioitu lukuaika\" \/>\n\t<meta name=\"twitter:data1\" content=\"1 minuutti\" \/>\n<script type=\"application\/ld+json\" class=\"yoast-schema-graph\">{\"@context\":\"https:\\\/\\\/schema.org\",\"@graph\":[{\"@type\":\"WebPage\",\"@id\":\"https:\\\/\\\/aikaecosystem.com\\\/fi\\\/tukea-yrityksille-digitalisaatiohaasteisiin\\\/\",\"url\":\"https:\\\/\\\/aikaecosystem.com\\\/fi\\\/tukea-yrityksille-digitalisaatiohaasteisiin\\\/\",\"name\":\"Tukea yrityksille digitalisaatiohaasteisiin - AIKA Ecosystem\",\"isPartOf\":{\"@id\":\"https:\\\/\\\/aikaecosystem.com\\\/#website\"},\"primaryImageOfPage\":{\"@id\":\"https:\\\/\\\/aikaecosystem.com\\\/fi\\\/tukea-yrityksille-digitalisaatiohaasteisiin\\\/#primaryimage\"},\"image\":{\"@id\":\"https:\\\/\\\/aikaecosystem.com\\\/fi\\\/tukea-yrityksille-digitalisaatiohaasteisiin\\\/#primaryimage\"},\"thumbnailUrl\":\"https:\\\/\\\/aikaecosystem.com\\\/wp-content\\\/uploads\\\/2023\\\/01\\\/1256X345_0003_DIGITALI.jpg\",\"datePublished\":\"2021-06-18T07:08:24+00:00\",\"dateModified\":\"2023-01-25T12:03:20+00:00\",\"breadcrumb\":{\"@id\":\"https:\\\/\\\/aikaecosystem.com\\\/fi\\\/tukea-yrityksille-digitalisaatiohaasteisiin\\\/#breadcrumb\"},\"inLanguage\":\"fi\",\"potentialAction\":[{\"@type\":\"ReadAction\",\"target\":[\"https:\\\/\\\/aikaecosystem.com\\\/fi\\\/tukea-yrityksille-digitalisaatiohaasteisiin\\\/\"]}]},{\"@type\":\"ImageObject\",\"inLanguage\":\"fi\",\"@id\":\"https:\\\/\\\/aikaecosystem.com\\\/fi\\\/tukea-yrityksille-digitalisaatiohaasteisiin\\\/#primaryimage\",\"url\":\"https:\\\/\\\/aikaecosystem.com\\\/wp-content\\\/uploads\\\/2023\\\/01\\\/1256X345_0003_DIGITALI.jpg\",\"contentUrl\":\"https:\\\/\\\/aikaecosystem.com\\\/wp-content\\\/uploads\\\/2023\\\/01\\\/1256X345_0003_DIGITALI.jpg\",\"width\":1256,\"height\":345},{\"@type\":\"BreadcrumbList\",\"@id\":\"https:\\\/\\\/aikaecosystem.com\\\/fi\\\/tukea-yrityksille-digitalisaatiohaasteisiin\\\/#breadcrumb\",\"itemListElement\":[{\"@type\":\"ListItem\",\"position\":1,\"name\":\"Events\",\"item\":\"https:\\\/\\\/aikaecosystem-com.hel10.wp-cloud.dev\\\/fi\\\/\"},{\"@type\":\"ListItem\",\"position\":2,\"name\":\"Tukea yrityksille digitalisaatiohaasteisiin\"}]},{\"@type\":\"WebSite\",\"@id\":\"https:\\\/\\\/aikaecosystem.com\\\/#website\",\"url\":\"https:\\\/\\\/aikaecosystem.com\\\/\",\"name\":\"AIKA Ecosystem\",\"description\":\"AI &amp; Data Intelligence Ecosystem\",\"potentialAction\":[{\"@type\":\"SearchAction\",\"target\":{\"@type\":\"EntryPoint\",\"urlTemplate\":\"https:\\\/\\\/aikaecosystem.com\\\/?s={search_term_string}\"},\"query-input\":{\"@type\":\"PropertyValueSpecification\",\"valueRequired\":true,\"valueName\":\"search_term_string\"}}],\"inLanguage\":\"fi\"}]}<\/script>\n<!-- \/ Yoast SEO plugin. -->","yoast_head_json":{"title":"Tukea yrityksille digitalisaatiohaasteisiin - AIKA Ecosystem","robots":{"index":"index","follow":"follow","max-snippet":"max-snippet:-1","max-image-preview":"max-image-preview:large","max-video-preview":"max-video-preview:-1"},"canonical":"https:\/\/aikaecosystem.com\/fi\/tukea-yrityksille-digitalisaatiohaasteisiin\/","og_locale":"fi_FI","og_type":"article","og_title":"Tukea yrityksille digitalisaatiohaasteisiin - AIKA Ecosystem","og_description":"AIKA-ekosysteemi tarjoaa j\u00e4senilleen ja yhteisty\u00f6kumppaneilleen useita tukipalveluja digitalisaatioon, mm.: testauspalvelu ennen investointip\u00e4\u00e4t\u00f6st\u00e4 runsaasti erilaisia koulutuksia digitalisaatioon liittyvi\u00e4 rahoitus- ja liiketoiminnan kehitt\u00e4mispalveluja ekosysteemi, matchmaking ja verkostoituminen datankeruu- ja data\/AI-strategiapalveluja p\u00e4\u00e4syn Digital Innovation Hub- ja European Digital Innovation Hub -verkostoihin tukea eXtended Reality (AR\/VR\/MR) -liit\u00e4nn\u00e4iseen tutkimukseen, kehitysty\u00f6h\u00f6n ja innovaatioihin Voimme aloittaa keskustelun tarpeistasi kahvikupillisen \u00e4\u00e4ress\u00e4. Keskustelun pohjalta [&hellip;]","og_url":"https:\/\/aikaecosystem.com\/fi\/tukea-yrityksille-digitalisaatiohaasteisiin\/","og_site_name":"AIKA Ecosystem","article_modified_time":"2023-01-25T12:03:20+00:00","og_image":[{"width":1256,"height":345,"url":"https:\/\/aikaecosystem.com\/wp-content\/uploads\/2023\/01\/1256X345_0003_DIGITALI.jpg","type":"image\/jpeg"}],"twitter_card":"summary_large_image","twitter_misc":{"Arvioitu lukuaika":"1 minuutti"},"schema":{"@context":"https:\/\/schema.org","@graph":[{"@type":"WebPage","@id":"https:\/\/aikaecosystem.com\/fi\/tukea-yrityksille-digitalisaatiohaasteisiin\/","url":"https:\/\/aikaecosystem.com\/fi\/tukea-yrityksille-digitalisaatiohaasteisiin\/","name":"Tukea yrityksille digitalisaatiohaasteisiin - AIKA Ecosystem","isPartOf":{"@id":"https:\/\/aikaecosystem.com\/#website"},"primaryImageOfPage":{"@id":"https:\/\/aikaecosystem.com\/fi\/tukea-yrityksille-digitalisaatiohaasteisiin\/#primaryimage"},"image":{"@id":"https:\/\/aikaecosystem.com\/fi\/tukea-yrityksille-digitalisaatiohaasteisiin\/#primaryimage"},"thumbnailUrl":"https:\/\/aikaecosystem.com\/wp-content\/uploads\/2023\/01\/1256X345_0003_DIGITALI.jpg","datePublished":"2021-06-18T07:08:24+00:00","dateModified":"2023-01-25T12:03:20+00:00","breadcrumb":{"@id":"https:\/\/aikaecosystem.com\/fi\/tukea-yrityksille-digitalisaatiohaasteisiin\/#breadcrumb"},"inLanguage":"fi","potentialAction":[{"@type":"ReadAction","target":["https:\/\/aikaecosystem.com\/fi\/tukea-yrityksille-digitalisaatiohaasteisiin\/"]}]},{"@type":"ImageObject","inLanguage":"fi","@id":"https:\/\/aikaecosystem.com\/fi\/tukea-yrityksille-digitalisaatiohaasteisiin\/#primaryimage","url":"https:\/\/aikaecosystem.com\/wp-content\/uploads\/2023\/01\/1256X345_0003_DIGITALI.jpg","contentUrl":"https:\/\/aikaecosystem.com\/wp-content\/uploads\/2023\/01\/1256X345_0003_DIGITALI.jpg","width":1256,"height":345},{"@type":"BreadcrumbList","@id":"https:\/\/aikaecosystem.com\/fi\/tukea-yrityksille-digitalisaatiohaasteisiin\/#breadcrumb","itemListElement":[{"@type":"ListItem","position":1,"name":"Events","item":"https:\/\/aikaecosystem-com.hel10.wp-cloud.dev\/fi\/"},{"@type":"ListItem","position":2,"name":"Tukea yrityksille digitalisaatiohaasteisiin"}]},{"@type":"WebSite","@id":"https:\/\/aikaecosystem.com\/#website","url":"https:\/\/aikaecosystem.com\/","name":"AIKA Ecosystem","description":"AI &amp; Data Intelligence Ecosystem","potentialAction":[{"@type":"SearchAction","target":{"@type":"EntryPoint","urlTemplate":"https:\/\/aikaecosystem.com\/?s={search_term_string}"},"query-input":{"@type":"PropertyValueSpecification","valueRequired":true,"valueName":"search_term_string"}}],"inLanguage":"fi"}]}},"_links":{"self":[{"href":"https:\/\/aikaecosystem.com\/fi\/wp-json\/wp\/v2\/pages\/2112","targetHints":{"allow":["GET"]}}],"collection":[{"href":"https:\/\/aikaecosystem.com\/fi\/wp-json\/wp\/v2\/pages"}],"about":[{"href":"https:\/\/aikaecosystem.com\/fi\/wp-json\/wp\/v2\/types\/page"}],"author":[{"embeddable":true,"href":"https:\/\/aikaecosystem.com\/fi\/wp-json\/wp\/v2\/users\/12"}],"replies":[{"embeddable":true,"href":"https:\/\/aikaecosystem.com\/fi\/wp-json\/wp\/v2\/comments?post=2112"}],"version-history":[{"count":8,"href":"https:\/\/aikaecosystem.com\/fi\/wp-json\/wp\/v2\/pages\/2112\/revisions"}],"predecessor-version":[{"id":2269,"href":"https:\/\/aikaecosystem.com\/fi\/wp-json\/wp\/v2\/pages\/2112\/revisions\/2269"}],"wp:featuredmedia":[{"embeddable":true,"href":"https:\/\/aikaecosystem.com\/fi\/wp-json\/wp\/v2\/media\/2070"}],"wp:attachment":[{"href":"https:\/\/aikaecosystem.com\/fi\/wp-json\/wp\/v2\/media?parent=2112"}],"curies":[{"name":"wp","href":"https:\/\/api.w.org\/{rel}","templated":true}]}}