{"id":2101,"date":"2023-01-18T17:42:57","date_gmt":"2023-01-18T14:42:57","guid":{"rendered":"https:\/\/aika-2022.sst.fi\/?page_id=2101"},"modified":"2023-03-01T10:52:22","modified_gmt":"2023-03-01T07:52:22","slug":"pilottihaku","status":"publish","type":"page","link":"https:\/\/aikaecosystem.com\/fi\/pilottihaku\/","title":{"rendered":"Pilottihaku"},"content":{"rendered":"<p>Tavoitteenamme on tarjota yrityksille tukea liiketoiminnan digitalisointiin ja mahdollisuuden tutustua uusimpien innovatiivisten ratkaisujen kuten teko\u00e4lyn, superlaskennan ja data-analytiikan k\u00e4ytt\u00f6\u00f6n.<\/p>\n<p>Haemme pilottihankkeita kahteen kategoriaan, jotka ovat:<\/p>\n<p><strong>PK-yritysten tai PK-teknologiayritysten digitalisaation ja dataan perustuvan liiketoiminnan kehitt\u00e4minen<\/strong><\/p>\n<p>Tarjoamme t\u00e4ss\u00e4 kategoriassa valituille yrityksille l\u00e4ht\u00f6tilanne- ja kypsyystasoarvioinnin datan k\u00e4yt\u00f6ss\u00e4, ja ehdotamme jatkotoimenpiteit\u00e4 liiketoiminnan kehitt\u00e4miseen arvioinnin pohjalta. Pilottiprojektit voivat sis\u00e4lt\u00e4\u00e4 k\u00e4yt\u00e4nn\u00f6n testej\u00e4 ja AIKA-asiantuntijamme (CSC ja KAMK) tukevat toteutuksia esim. KAMKin opiskelijoita hy\u00f6dynt\u00e4en. Lyhytkestoisten ja ketterien digi- ja datakokeilujen aiheena voi olla esimerkiksi sensoriteknologiat (Internet of Things), pilvialustojen palvelut, teko\u00e4lyteknologiat, laajennettu todellisuus (XR) ja 360-virtuaaliymp\u00e4rist\u00f6t (AR, VR).<\/p>\n<p><strong>Superlaskennan kokeilu liiketoiminnassa LUMI EuroHPC -supertietokoneella<\/strong><\/p>\n<p>T\u00e4ss\u00e4 kategoriassa tarjoamme tukea yrityksille, jotka haluavat tutustua superlaskentaan (HPC high performance computing) k\u00e4yt\u00e4nn\u00f6ss\u00e4 ja testata LUMI EuroHPC -supertietokoneen mahdollisuuksia omassa tuotekehityksess\u00e4 ja liiketoiminnan tukena. Pilottihankkeille tarjotaan k\u00e4ytt\u00f6\u00f6n maksutta LUMI-supertietokoneen testikapasiteettia (ns. Try&amp;Buy-paketti) ja tukea asiantuntijalta. Testitapauksina voivat olla esim. vaativat data-analytiikan ja teko\u00e4lyn sovellukset. <a href=\"https:\/\/www.csc.fi\/fi\/ratkaisut-yrityksille-minkalaisille-yrityksille-tarkoitettu\" target=\"_blank\" rel=\"noopener\">Esimerkkej\u00e4 k\u00e4ytt\u00f6alueista l\u00f6ytyy t\u00e4\u00e4lt\u00e4.<\/a><\/p>\n<p><a href=\"https:\/\/aikaecosystem.com\/fi\/liity-aktiiviseen-ja-elavaan-ekosysteemiin\/\">L\u00e4het\u00e4 hakemuksesi Pilottihakuun t\u00e4st\u00e4.<\/a><\/p>\n","protected":false},"excerpt":{"rendered":"<p>Tavoitteenamme on tarjota yrityksille tukea liiketoiminnan digitalisointiin ja mahdollisuuden tutustua uusimpien innovatiivisten ratkaisujen kuten teko\u00e4lyn, superlaskennan ja data-analytiikan k\u00e4ytt\u00f6\u00f6n. Haemme pilottihankkeita kahteen kategoriaan, jotka ovat: PK-yritysten tai PK-teknologiayritysten digitalisaation ja dataan perustuvan liiketoiminnan kehitt\u00e4minen Tarjoamme t\u00e4ss\u00e4 kategoriassa valituille yrityksille l\u00e4ht\u00f6tilanne- ja kypsyystasoarvioinnin datan k\u00e4yt\u00f6ss\u00e4, ja ehdotamme jatkotoimenpiteit\u00e4 liiketoiminnan kehitt\u00e4miseen arvioinnin pohjalta. Pilottiprojektit voivat sis\u00e4lt\u00e4\u00e4 k\u00e4yt\u00e4nn\u00f6n [&hellip;]<\/p>\n","protected":false},"author":12,"featured_media":2390,"parent":0,"menu_order":2,"comment_status":"closed","ping_status":"closed","template":"","meta":{"inline_featured_image":false,"footnotes":""},"class_list":["post-2101","page","type-page","status-publish","has-post-thumbnail","hentry"],"acf":[],"yoast_head":"<!-- This site is optimized with the Yoast SEO plugin v27.4 - https:\/\/yoast.com\/product\/yoast-seo-wordpress\/ -->\n<title>Pilottihaku - AIKA Ecosystem<\/title>\n<meta name=\"robots\" content=\"index, follow, max-snippet:-1, max-image-preview:large, max-video-preview:-1\" \/>\n<link rel=\"canonical\" href=\"https:\/\/aikaecosystem.com\/fi\/pilottihaku\/\" \/>\n<meta property=\"og:locale\" content=\"fi_FI\" \/>\n<meta property=\"og:type\" content=\"article\" \/>\n<meta property=\"og:title\" content=\"Pilottihaku - AIKA Ecosystem\" \/>\n<meta property=\"og:description\" content=\"Tavoitteenamme on tarjota yrityksille tukea liiketoiminnan digitalisointiin ja mahdollisuuden tutustua uusimpien innovatiivisten ratkaisujen kuten teko\u00e4lyn, superlaskennan ja data-analytiikan k\u00e4ytt\u00f6\u00f6n. Haemme pilottihankkeita kahteen kategoriaan, jotka ovat: PK-yritysten tai PK-teknologiayritysten digitalisaation ja dataan perustuvan liiketoiminnan kehitt\u00e4minen Tarjoamme t\u00e4ss\u00e4 kategoriassa valituille yrityksille l\u00e4ht\u00f6tilanne- ja kypsyystasoarvioinnin datan k\u00e4yt\u00f6ss\u00e4, ja ehdotamme jatkotoimenpiteit\u00e4 liiketoiminnan kehitt\u00e4miseen arvioinnin pohjalta. Pilottiprojektit voivat sis\u00e4lt\u00e4\u00e4 k\u00e4yt\u00e4nn\u00f6n [&hellip;]\" \/>\n<meta property=\"og:url\" content=\"https:\/\/aikaecosystem.com\/fi\/pilottihaku\/\" \/>\n<meta property=\"og:site_name\" content=\"AIKA Ecosystem\" \/>\n<meta property=\"article:modified_time\" content=\"2023-03-01T07:52:22+00:00\" \/>\n<meta property=\"og:image\" content=\"https:\/\/aikaecosystem.com\/wp-content\/uploads\/2023\/03\/1256x345px_PILOTTIHAKU.jpg\" \/>\n\t<meta property=\"og:image:width\" content=\"1256\" \/>\n\t<meta property=\"og:image:height\" content=\"345\" \/>\n\t<meta property=\"og:image:type\" content=\"image\/jpeg\" \/>\n<meta name=\"twitter:card\" content=\"summary_large_image\" \/>\n<meta name=\"twitter:label1\" content=\"Arvioitu lukuaika\" \/>\n\t<meta name=\"twitter:data1\" content=\"1 minuutti\" \/>\n<script type=\"application\/ld+json\" class=\"yoast-schema-graph\">{\"@context\":\"https:\\\/\\\/schema.org\",\"@graph\":[{\"@type\":\"WebPage\",\"@id\":\"https:\\\/\\\/aikaecosystem.com\\\/fi\\\/pilottihaku\\\/\",\"url\":\"https:\\\/\\\/aikaecosystem.com\\\/fi\\\/pilottihaku\\\/\",\"name\":\"Pilottihaku - AIKA Ecosystem\",\"isPartOf\":{\"@id\":\"https:\\\/\\\/aikaecosystem.com\\\/#website\"},\"primaryImageOfPage\":{\"@id\":\"https:\\\/\\\/aikaecosystem.com\\\/fi\\\/pilottihaku\\\/#primaryimage\"},\"image\":{\"@id\":\"https:\\\/\\\/aikaecosystem.com\\\/fi\\\/pilottihaku\\\/#primaryimage\"},\"thumbnailUrl\":\"https:\\\/\\\/aikaecosystem.com\\\/wp-content\\\/uploads\\\/2023\\\/03\\\/1256x345px_PILOTTIHAKU.jpg\",\"datePublished\":\"2023-01-18T14:42:57+00:00\",\"dateModified\":\"2023-03-01T07:52:22+00:00\",\"breadcrumb\":{\"@id\":\"https:\\\/\\\/aikaecosystem.com\\\/fi\\\/pilottihaku\\\/#breadcrumb\"},\"inLanguage\":\"fi\",\"potentialAction\":[{\"@type\":\"ReadAction\",\"target\":[\"https:\\\/\\\/aikaecosystem.com\\\/fi\\\/pilottihaku\\\/\"]}]},{\"@type\":\"ImageObject\",\"inLanguage\":\"fi\",\"@id\":\"https:\\\/\\\/aikaecosystem.com\\\/fi\\\/pilottihaku\\\/#primaryimage\",\"url\":\"https:\\\/\\\/aikaecosystem.com\\\/wp-content\\\/uploads\\\/2023\\\/03\\\/1256x345px_PILOTTIHAKU.jpg\",\"contentUrl\":\"https:\\\/\\\/aikaecosystem.com\\\/wp-content\\\/uploads\\\/2023\\\/03\\\/1256x345px_PILOTTIHAKU.jpg\",\"width\":1256,\"height\":345},{\"@type\":\"BreadcrumbList\",\"@id\":\"https:\\\/\\\/aikaecosystem.com\\\/fi\\\/pilottihaku\\\/#breadcrumb\",\"itemListElement\":[{\"@type\":\"ListItem\",\"position\":1,\"name\":\"Events\",\"item\":\"https:\\\/\\\/aikaecosystem-com.hel10.wp-cloud.dev\\\/fi\\\/\"},{\"@type\":\"ListItem\",\"position\":2,\"name\":\"Pilottihaku\"}]},{\"@type\":\"WebSite\",\"@id\":\"https:\\\/\\\/aikaecosystem.com\\\/#website\",\"url\":\"https:\\\/\\\/aikaecosystem.com\\\/\",\"name\":\"AIKA Ecosystem\",\"description\":\"AI &amp; Data Intelligence Ecosystem\",\"potentialAction\":[{\"@type\":\"SearchAction\",\"target\":{\"@type\":\"EntryPoint\",\"urlTemplate\":\"https:\\\/\\\/aikaecosystem.com\\\/?s={search_term_string}\"},\"query-input\":{\"@type\":\"PropertyValueSpecification\",\"valueRequired\":true,\"valueName\":\"search_term_string\"}}],\"inLanguage\":\"fi\"}]}<\/script>\n<!-- \/ Yoast SEO plugin. -->","yoast_head_json":{"title":"Pilottihaku - AIKA Ecosystem","robots":{"index":"index","follow":"follow","max-snippet":"max-snippet:-1","max-image-preview":"max-image-preview:large","max-video-preview":"max-video-preview:-1"},"canonical":"https:\/\/aikaecosystem.com\/fi\/pilottihaku\/","og_locale":"fi_FI","og_type":"article","og_title":"Pilottihaku - AIKA Ecosystem","og_description":"Tavoitteenamme on tarjota yrityksille tukea liiketoiminnan digitalisointiin ja mahdollisuuden tutustua uusimpien innovatiivisten ratkaisujen kuten teko\u00e4lyn, superlaskennan ja data-analytiikan k\u00e4ytt\u00f6\u00f6n. Haemme pilottihankkeita kahteen kategoriaan, jotka ovat: PK-yritysten tai PK-teknologiayritysten digitalisaation ja dataan perustuvan liiketoiminnan kehitt\u00e4minen Tarjoamme t\u00e4ss\u00e4 kategoriassa valituille yrityksille l\u00e4ht\u00f6tilanne- ja kypsyystasoarvioinnin datan k\u00e4yt\u00f6ss\u00e4, ja ehdotamme jatkotoimenpiteit\u00e4 liiketoiminnan kehitt\u00e4miseen arvioinnin pohjalta. Pilottiprojektit voivat sis\u00e4lt\u00e4\u00e4 k\u00e4yt\u00e4nn\u00f6n [&hellip;]","og_url":"https:\/\/aikaecosystem.com\/fi\/pilottihaku\/","og_site_name":"AIKA Ecosystem","article_modified_time":"2023-03-01T07:52:22+00:00","og_image":[{"width":1256,"height":345,"url":"https:\/\/aikaecosystem.com\/wp-content\/uploads\/2023\/03\/1256x345px_PILOTTIHAKU.jpg","type":"image\/jpeg"}],"twitter_card":"summary_large_image","twitter_misc":{"Arvioitu lukuaika":"1 minuutti"},"schema":{"@context":"https:\/\/schema.org","@graph":[{"@type":"WebPage","@id":"https:\/\/aikaecosystem.com\/fi\/pilottihaku\/","url":"https:\/\/aikaecosystem.com\/fi\/pilottihaku\/","name":"Pilottihaku - AIKA Ecosystem","isPartOf":{"@id":"https:\/\/aikaecosystem.com\/#website"},"primaryImageOfPage":{"@id":"https:\/\/aikaecosystem.com\/fi\/pilottihaku\/#primaryimage"},"image":{"@id":"https:\/\/aikaecosystem.com\/fi\/pilottihaku\/#primaryimage"},"thumbnailUrl":"https:\/\/aikaecosystem.com\/wp-content\/uploads\/2023\/03\/1256x345px_PILOTTIHAKU.jpg","datePublished":"2023-01-18T14:42:57+00:00","dateModified":"2023-03-01T07:52:22+00:00","breadcrumb":{"@id":"https:\/\/aikaecosystem.com\/fi\/pilottihaku\/#breadcrumb"},"inLanguage":"fi","potentialAction":[{"@type":"ReadAction","target":["https:\/\/aikaecosystem.com\/fi\/pilottihaku\/"]}]},{"@type":"ImageObject","inLanguage":"fi","@id":"https:\/\/aikaecosystem.com\/fi\/pilottihaku\/#primaryimage","url":"https:\/\/aikaecosystem.com\/wp-content\/uploads\/2023\/03\/1256x345px_PILOTTIHAKU.jpg","contentUrl":"https:\/\/aikaecosystem.com\/wp-content\/uploads\/2023\/03\/1256x345px_PILOTTIHAKU.jpg","width":1256,"height":345},{"@type":"BreadcrumbList","@id":"https:\/\/aikaecosystem.com\/fi\/pilottihaku\/#breadcrumb","itemListElement":[{"@type":"ListItem","position":1,"name":"Events","item":"https:\/\/aikaecosystem-com.hel10.wp-cloud.dev\/fi\/"},{"@type":"ListItem","position":2,"name":"Pilottihaku"}]},{"@type":"WebSite","@id":"https:\/\/aikaecosystem.com\/#website","url":"https:\/\/aikaecosystem.com\/","name":"AIKA Ecosystem","description":"AI &amp; Data Intelligence Ecosystem","potentialAction":[{"@type":"SearchAction","target":{"@type":"EntryPoint","urlTemplate":"https:\/\/aikaecosystem.com\/?s={search_term_string}"},"query-input":{"@type":"PropertyValueSpecification","valueRequired":true,"valueName":"search_term_string"}}],"inLanguage":"fi"}]}},"_links":{"self":[{"href":"https:\/\/aikaecosystem.com\/fi\/wp-json\/wp\/v2\/pages\/2101","targetHints":{"allow":["GET"]}}],"collection":[{"href":"https:\/\/aikaecosystem.com\/fi\/wp-json\/wp\/v2\/pages"}],"about":[{"href":"https:\/\/aikaecosystem.com\/fi\/wp-json\/wp\/v2\/types\/page"}],"author":[{"embeddable":true,"href":"https:\/\/aikaecosystem.com\/fi\/wp-json\/wp\/v2\/users\/12"}],"replies":[{"embeddable":true,"href":"https:\/\/aikaecosystem.com\/fi\/wp-json\/wp\/v2\/comments?post=2101"}],"version-history":[{"count":10,"href":"https:\/\/aikaecosystem.com\/fi\/wp-json\/wp\/v2\/pages\/2101\/revisions"}],"predecessor-version":[{"id":2397,"href":"https:\/\/aikaecosystem.com\/fi\/wp-json\/wp\/v2\/pages\/2101\/revisions\/2397"}],"wp:featuredmedia":[{"embeddable":true,"href":"https:\/\/aikaecosystem.com\/fi\/wp-json\/wp\/v2\/media\/2390"}],"wp:attachment":[{"href":"https:\/\/aikaecosystem.com\/fi\/wp-json\/wp\/v2\/media?parent=2101"}],"curies":[{"name":"wp","href":"https:\/\/api.w.org\/{rel}","templated":true}]}}